{"id":6605,"date":"2024-02-06T15:17:00","date_gmt":"2024-02-06T19:17:00","guid":{"rendered":"https:\/\/saintjohnpolice.ca\/communaute\/engagement-communautaire\/inclusion-and-diversity-recruitment-camp\/"},"modified":"2025-03-24T14:00:44","modified_gmt":"2025-03-24T17:00:44","slug":"inclusion-and-diversity-recruitment-camp","status":"publish","type":"page","link":"https:\/\/sjpf.certtechweb.com\/fr\/communaute\/engagement-communautaire\/inclusion-and-diversity-recruitment-camp\/","title":{"rendered":"Camp de recrutement sur l&rsquo;inclusion et la diversit\u00e9"},"content":{"rendered":"\t\t<div data-elementor-type=\"wp-page\" data-elementor-id=\"6605\" class=\"elementor elementor-6605\" data-elementor-post-type=\"page\">\n\t\t\t\t\t\t<section class=\"elementor-section elementor-top-section elementor-element elementor-element-babe48c elementor-section-boxed elementor-section-height-default elementor-section-height-default\" data-id=\"babe48c\" data-element_type=\"section\" data-settings=\"{&quot;jet_parallax_layout_list&quot;:[]}\">\n\t\t\t\t\t\t<div class=\"elementor-container elementor-column-gap-default\">\n\t\t\t\t\t<div class=\"elementor-column elementor-col-100 elementor-top-column elementor-element elementor-element-ba4c1c8\" data-id=\"ba4c1c8\" data-element_type=\"column\">\n\t\t\t<div class=\"elementor-widget-wrap elementor-element-populated\">\n\t\t\t\t\t\t<div class=\"elementor-element elementor-element-e3d3431 elementor-widget elementor-widget-heading\" data-id=\"e3d3431\" data-element_type=\"widget\" data-widget_type=\"heading.default\">\n\t\t\t\t<div class=\"elementor-widget-container\">\n\t\t\t\t\t<h2 class=\"elementor-heading-title elementor-size-default\">Camp de recrutement pour l\u2019inclusion et la diversit\u00e9 de la Force polici\u00e8re de Saint John\n23 mai 2024<\/h2>\t\t\t\t<\/div>\n\t\t\t\t<\/div>\n\t\t\t\t<div class=\"elementor-element elementor-element-705dc60 elementor-widget elementor-widget-image\" data-id=\"705dc60\" data-element_type=\"widget\" data-widget_type=\"image.default\">\n\t\t\t\t<div class=\"elementor-widget-container\">\n\t\t\t\t\t\t\t\t\t\t\t\t\t\t\t<img fetchpriority=\"high\" decoding=\"async\" width=\"576\" height=\"561\" src=\"https:\/\/sjpf.certtechweb.com\/wp-content\/uploads\/2024\/02\/image004.png\" class=\"attachment-large size-large wp-image-6665\" alt=\"\" srcset=\"https:\/\/sjpf.certtechweb.com\/wp-content\/uploads\/2024\/02\/image004.png 576w, https:\/\/sjpf.certtechweb.com\/wp-content\/uploads\/2024\/02\/image004-300x292.png 300w\" sizes=\"(max-width: 576px) 100vw, 576px\" \/>\t\t\t\t\t\t\t\t\t\t\t\t\t\t\t<\/div>\n\t\t\t\t<\/div>\n\t\t\t\t<div class=\"elementor-element elementor-element-bb0fe3d elementor-widget elementor-widget-heading\" data-id=\"bb0fe3d\" data-element_type=\"widget\" data-widget_type=\"heading.default\">\n\t\t\t\t<div class=\"elementor-widget-container\">\n\t\t\t\t\t<h5 class=\"elementor-heading-title elementor-size-default\">\u00ab La diff\u00e9rence entre ce que vous \u00eates aujourd\u2019hui et une personne qui fait la diff\u00e9rence n\u2019est s\u00e9par\u00e9e que par l\u2019inconnu. \u00bb<\/h5>\t\t\t\t<\/div>\n\t\t\t\t<\/div>\n\t\t\t\t<div class=\"elementor-element elementor-element-5329676 elementor-widget elementor-widget-text-editor\" data-id=\"5329676\" data-element_type=\"widget\" data-widget_type=\"text-editor.default\">\n\t\t\t\t<div class=\"elementor-widget-container\">\n\t\t\t\t\t\t\t\t\t<p class=\"m_-7207482411131758240MsoBodyText\"><span lang=\"FR-CA\">La Force polici\u00e8re de Saint John est fi\u00e8re d\u2019annoncer le lancement de son premier camp de recrutement pour l\u2019inclusion et la diversit\u00e9, une initiative novatrice visant \u00e0 offrir aux membres sous-repr\u00e9sent\u00e9s de la communaut\u00e9, tels que les femmes et les minorit\u00e9s visibles, une occasion inspirante d\u2019explorer une carri\u00e8re dans la police.<u><\/u><u><\/u><\/span><\/p>\n<p class=\"m_-7207482411131758240MsoBodyText\"><span lang=\"FR-CA\"><u><\/u>&nbsp;<u><\/u><\/span><span lang=\"FR-CA\">Le camp de recrutement, qui aura lieu le Jeudi 22 ao\u00fbt 2024, de 8&nbsp;h \u00e0 17&nbsp;h, au quartier g\u00e9n\u00e9ral de la Force polici\u00e8re de Saint John, offrira aux participants un aper\u00e7u unique des nombreuses possibilit\u00e9s gratifiantes offertes au sein de la Force polici\u00e8re de Saint John.<u><\/u><u><\/u><\/span><\/p>\n<p><strong>Programme du camp:<\/strong><\/p>\n<table>\n<tbody>\n<tr>\n<td width=\"67\">8h00<\/td>\n<td width=\"508\">Pr\u00e9sentation du personnel &#8211; Activit\u00e9s et Objectifs<\/td>\n<\/tr>\n<tr>\n<td width=\"67\">8h15<\/td>\n<td width=\"508\">Brise-glace : Petits groupes &#8211; Les 4 H &#8211; Pr\u00e9sentations<\/td>\n<\/tr>\n<tr>\n<td width=\"67\">9h30<\/td>\n<td width=\"508\">Faire la diff\u00e9rence : Qu&rsquo;est-ce que cela signifie d&rsquo;\u00eatre un agent de police de Saint John ?<\/td>\n<\/tr>\n<tr>\n<td width=\"67\">10h30<\/td>\n<td width=\"508\">Pause<\/td>\n<\/tr>\n<tr>\n<td width=\"67\">10h45<\/td>\n<td width=\"508\">Le processus de recrutement<\/td>\n<\/tr>\n<tr>\n<td width=\"67\">12h00<\/td>\n<td width=\"508\">D\u00e9jeuner<\/td>\n<\/tr>\n<tr>\n<td width=\"67\">12h45<\/td>\n<td width=\"508\">R\u00e9pondre \u00e0 l&rsquo;appel : Arr\u00eats de v\u00e9hicules &#8211; Appels \u00e0 domicile (groupes)<\/td>\n<\/tr>\n<tr>\n<td width=\"67\">15h00<\/td>\n<td width=\"508\">D\u00e9monstrations canines et m\u00e9dico-l\u00e9gales<\/td>\n<\/tr>\n<tr>\n<td width=\"67\">16h00<\/td>\n<td width=\"508\">Kiosques des recrues de la rue Main : Possibilit\u00e9s d&#8217;emploi au sein de la police de Saint John<\/td>\n<\/tr>\n<tr>\n<td width=\"67\">17h00<\/td>\n<td width=\"508\">En dehors des heures de service : Pr\u00e9sentation de cartes &#8211; Remerciements \u2013 Contacts<\/td>\n<\/tr>\n<\/tbody>\n<\/table>\n<p>Pour plus d&rsquo;informations, veuillez envoyer un courriel \u00e0 <a href=\"mailto:policerecruit@saintjohn.ca\"> policerecruit@saintjohn.ca<\/a><\/p>\n<p>Date limite de d\u00e9p\u00f4t des candidatures: 31 juillet 2024 \u00e0 16h00<br><\/p>\n<p class=\"MsoNormal\" style=\"line-height: 150%; margin: 1.4pt 3.5pt .0001pt 5.95pt;\"><span lang=\"FR-CA\" style=\"font-family: 'Calibri',sans-serif; mso-fareast-font-family: Calibri; mso-ansi-language: FR-CA;\">Avant de poser votre candidature, veuillez prendre connaissance des renseignements ci-dessous pour vous assurer d\u2019\u00eatre admissible au camp de recrutement pour l\u2019inclusion et la diversit\u00e9&nbsp;:<\/span><\/p>\n<p class=\"MsoNormal\" style=\"line-height: 150%; margin: 1.4pt 3.5pt .0001pt 5.95pt;\"><span lang=\"FR-CA\" style=\"font-family: 'Calibri',sans-serif; mso-fareast-font-family: Calibri; mso-ansi-language: FR-CA;\"><br><\/span><\/p>\n<p class=\"MsoListParagraph\"><span lang=\"EN-US\" style=\"font-family: Symbol; mso-fareast-font-family: Symbol; mso-bidi-font-family: Symbol;\">\u00b7<span style=\"font-variant-numeric: normal; font-variant-east-asian: normal; font-variant-alternates: normal; font-kerning: auto; font-optical-sizing: auto; font-feature-settings: normal; font-variation-settings: normal; font-variant-position: normal; font-stretch: normal; font-size: 7pt; line-height: normal; font-family: 'Times New Roman';\">&nbsp;&nbsp;&nbsp;&nbsp;&nbsp;&nbsp;&nbsp;&nbsp; <\/span><\/span><span lang=\"FR-CA\">Avoir au moins 19&nbsp;ans;<\/span><\/p>\n<p class=\"MsoListParagraph\" style=\"margin-top: 6.6pt; mso-list: l0 level1 lfo1; tab-stops: 44.25pt;\"><span lang=\"EN-US\" style=\"font-family: Symbol; mso-fareast-font-family: Symbol; mso-bidi-font-family: Symbol;\">\u00b7<span style=\"font-variant-numeric: normal; font-variant-east-asian: normal; font-variant-alternates: normal; font-kerning: auto; font-optical-sizing: auto; font-feature-settings: normal; font-variation-settings: normal; font-variant-position: normal; font-stretch: normal; font-size: 7pt; line-height: normal; font-family: 'Times New Roman';\">&nbsp;&nbsp;&nbsp;&nbsp;&nbsp;&nbsp;&nbsp;&nbsp; <\/span><\/span><span lang=\"FR-CA\">\u00catre un membre sous-repr\u00e9sent\u00e9 de la communaut\u00e9;<\/span><\/p>\n<p><\/p>\n<p class=\"MsoListParagraph\" style=\"margin-top: 6.75pt; mso-list: l0 level1 lfo1; tab-stops: 44.25pt;\"><span lang=\"EN-US\" style=\"font-family: Symbol; mso-fareast-font-family: Symbol; mso-bidi-font-family: Symbol;\">\u00b7<span style=\"font-variant-numeric: normal; font-variant-east-asian: normal; font-variant-alternates: normal; font-kerning: auto; font-optical-sizing: auto; font-feature-settings: normal; font-variation-settings: normal; font-variant-position: normal; font-stretch: normal; font-size: 7pt; line-height: normal; font-family: 'Times New Roman';\">&nbsp;&nbsp;&nbsp;&nbsp;&nbsp;&nbsp;&nbsp;&nbsp; <\/span><\/span><span lang=\"FR-CA\">Ne pas avoir d\u00e9j\u00e0 \u00e9t\u00e9 s\u00e9lectionn\u00e9 pour le programme de parrainage de la Force polici\u00e8re de Saint John.*<\/span><\/p>\t\t\t\t\t\t\t\t<\/div>\n\t\t\t\t<\/div>\n\t\t\t\t<div class=\"elementor-element elementor-element-bd2b88c elementor-button-align-start elementor-widget elementor-widget-form\" data-id=\"bd2b88c\" data-element_type=\"widget\" data-settings=\"{&quot;step_next_label&quot;:&quot;Suivant&quot;,&quot;step_previous_label&quot;:&quot;Pr\\u00e9c\\u00e9dent&quot;,&quot;button_width&quot;:&quot;100&quot;,&quot;step_type&quot;:&quot;number_text&quot;,&quot;step_icon_shape&quot;:&quot;circle&quot;}\" data-widget_type=\"form.default\">\n\t\t\t\t<div class=\"elementor-widget-container\">\n\t\t\t\t\t\t\t<form class=\"elementor-form\" method=\"post\" name=\"Demande d&#039;accident et rapport d&#039;incident\" aria-label=\"Demande d&#039;accident et rapport d&#039;incident\">\n\t\t\t<input type=\"hidden\" name=\"post_id\" value=\"6605\"\/>\n\t\t\t<input type=\"hidden\" name=\"form_id\" value=\"bd2b88c\"\/>\n\t\t\t<input type=\"hidden\" name=\"referer_title\" value=\"\" \/>\n\n\t\t\t\n\t\t\t<div class=\"elementor-form-fields-wrapper elementor-labels-\">\n\t\t\t\t\t\t\t\t<div class=\"elementor-field-type-text elementor-field-group elementor-column elementor-field-group-name elementor-col-50 elementor-field-required\">\n\t\t\t\t\t\t\t\t\t\t\t\t<label for=\"form-field-name\" class=\"elementor-field-label elementor-screen-only\">\n\t\t\t\t\t\t\t\tNom de famille:\t\t\t\t\t\t\t<\/label>\n\t\t\t\t\t\t\t\t\t\t\t\t\t\t<input size=\"1\" type=\"text\" name=\"form_fields[name]\" id=\"form-field-name\" class=\"elementor-field elementor-size-md  elementor-field-textual\" placeholder=\"Nom de famille:\" required=\"required\">\n\t\t\t\t\t\t\t\t\t\t\t<\/div>\n\t\t\t\t\t\t\t\t<div class=\"elementor-field-type-text elementor-field-group elementor-column elementor-field-group-field_1c325c2 elementor-col-50 elementor-field-required\">\n\t\t\t\t\t\t\t\t\t\t\t\t<label for=\"form-field-field_1c325c2\" class=\"elementor-field-label elementor-screen-only\">\n\t\t\t\t\t\t\t\tNom complet:\t\t\t\t\t\t\t<\/label>\n\t\t\t\t\t\t\t\t\t\t\t\t\t\t<input size=\"1\" type=\"text\" name=\"form_fields[field_1c325c2]\" id=\"form-field-field_1c325c2\" class=\"elementor-field elementor-size-md  elementor-field-textual\" placeholder=\"Nom complet:\" required=\"required\">\n\t\t\t\t\t\t\t\t\t\t\t<\/div>\n\t\t\t\t\t\t\t\t<div class=\"elementor-field-type-text elementor-field-group elementor-column elementor-field-group-field_bfa9bbe elementor-col-50 elementor-field-required\">\n\t\t\t\t\t\t\t\t\t\t\t\t<label for=\"form-field-field_bfa9bbe\" class=\"elementor-field-label elementor-screen-only\">\n\t\t\t\t\t\t\t\tNom pr\u00e9f\u00e9r\u00e9:\t\t\t\t\t\t\t<\/label>\n\t\t\t\t\t\t\t\t\t\t\t\t\t\t<input size=\"1\" type=\"text\" name=\"form_fields[field_bfa9bbe]\" id=\"form-field-field_bfa9bbe\" class=\"elementor-field elementor-size-md  elementor-field-textual\" placeholder=\"Nom pr\u00e9f\u00e9r\u00e9:\" required=\"required\">\n\t\t\t\t\t\t\t\t\t\t\t<\/div>\n\t\t\t\t\t\t\t\t<div class=\"elementor-field-type-text elementor-field-group elementor-column elementor-field-group-field_862e8af elementor-col-50 elementor-field-required\">\n\t\t\t\t\t\t\t\t\t\t\t\t<label for=\"form-field-field_862e8af\" class=\"elementor-field-label elementor-screen-only\">\n\t\t\t\t\t\t\t\tAdresse:\t\t\t\t\t\t\t<\/label>\n\t\t\t\t\t\t\t\t\t\t\t\t\t\t<input size=\"1\" type=\"text\" name=\"form_fields[field_862e8af]\" id=\"form-field-field_862e8af\" class=\"elementor-field elementor-size-md  elementor-field-textual\" placeholder=\"Adresse:\" required=\"required\">\n\t\t\t\t\t\t\t\t\t\t\t<\/div>\n\t\t\t\t\t\t\t\t<div class=\"elementor-field-type-text elementor-field-group elementor-column elementor-field-group-field_99941c1 elementor-col-50 elementor-field-required\">\n\t\t\t\t\t\t\t\t\t\t\t\t<label for=\"form-field-field_99941c1\" class=\"elementor-field-label elementor-screen-only\">\n\t\t\t\t\t\t\t\tVille:\t\t\t\t\t\t\t<\/label>\n\t\t\t\t\t\t\t\t\t\t\t\t\t\t<input size=\"1\" type=\"text\" name=\"form_fields[field_99941c1]\" id=\"form-field-field_99941c1\" class=\"elementor-field elementor-size-md  elementor-field-textual\" placeholder=\"Ville:\" required=\"required\">\n\t\t\t\t\t\t\t\t\t\t\t<\/div>\n\t\t\t\t\t\t\t\t<div class=\"elementor-field-type-text elementor-field-group elementor-column elementor-field-group-field_27b3eb7 elementor-col-50 elementor-field-required\">\n\t\t\t\t\t\t\t\t\t\t\t\t<label for=\"form-field-field_27b3eb7\" class=\"elementor-field-label elementor-screen-only\">\n\t\t\t\t\t\t\t\tProvince:\t\t\t\t\t\t\t<\/label>\n\t\t\t\t\t\t\t\t\t\t\t\t\t\t<input size=\"1\" type=\"text\" name=\"form_fields[field_27b3eb7]\" id=\"form-field-field_27b3eb7\" class=\"elementor-field elementor-size-md  elementor-field-textual\" placeholder=\"Province:\" required=\"required\">\n\t\t\t\t\t\t\t\t\t\t\t<\/div>\n\t\t\t\t\t\t\t\t<div class=\"elementor-field-type-text elementor-field-group elementor-column elementor-field-group-field_bfe8f9c elementor-col-50 elementor-field-required\">\n\t\t\t\t\t\t\t\t\t\t\t\t<label for=\"form-field-field_bfe8f9c\" class=\"elementor-field-label elementor-screen-only\">\n\t\t\t\t\t\t\t\tCode postal:\t\t\t\t\t\t\t<\/label>\n\t\t\t\t\t\t\t\t\t\t\t\t\t\t<input size=\"1\" type=\"text\" name=\"form_fields[field_bfe8f9c]\" id=\"form-field-field_bfe8f9c\" class=\"elementor-field elementor-size-md  elementor-field-textual\" placeholder=\"Code postal:\" required=\"required\">\n\t\t\t\t\t\t\t\t\t\t\t<\/div>\n\t\t\t\t\t\t\t\t<div class=\"elementor-field-type-text elementor-field-group elementor-column elementor-field-group-field_ab733ed elementor-col-50 elementor-field-required\">\n\t\t\t\t\t\t\t\t\t\t\t\t<label for=\"form-field-field_ab733ed\" class=\"elementor-field-label elementor-screen-only\">\n\t\t\t\t\t\t\t\tNum\u00e9ro(s) de t\u00e9l\u00e9phone:\t\t\t\t\t\t\t<\/label>\n\t\t\t\t\t\t\t\t\t\t\t\t\t\t<input size=\"1\" type=\"text\" name=\"form_fields[field_ab733ed]\" id=\"form-field-field_ab733ed\" class=\"elementor-field elementor-size-md  elementor-field-textual\" placeholder=\"Num\u00e9ro(s) de t\u00e9l\u00e9phone:\" required=\"required\">\n\t\t\t\t\t\t\t\t\t\t\t<\/div>\n\t\t\t\t\t\t\t\t<div class=\"elementor-field-type-text elementor-field-group elementor-column elementor-field-group-field_1e4a2ef elementor-col-50 elementor-field-required\">\n\t\t\t\t\t\t\t\t\t\t\t\t<label for=\"form-field-field_1e4a2ef\" class=\"elementor-field-label elementor-screen-only\">\n\t\t\t\t\t\t\t\tCourriel:\t\t\t\t\t\t\t<\/label>\n\t\t\t\t\t\t\t\t\t\t\t\t\t\t<input size=\"1\" type=\"text\" name=\"form_fields[field_1e4a2ef]\" id=\"form-field-field_1e4a2ef\" class=\"elementor-field elementor-size-md  elementor-field-textual\" placeholder=\"Courriel:\" required=\"required\">\n\t\t\t\t\t\t\t\t\t\t\t<\/div>\n\t\t\t\t\t\t\t\t<div class=\"elementor-field-type-textarea elementor-field-group elementor-column elementor-field-group-field_ff16860 elementor-col-100 elementor-field-required\">\n\t\t\t\t\t\t\t\t\t\t\t\t<label for=\"form-field-field_ff16860\" class=\"elementor-field-label elementor-screen-only\">\n\t\t\t\t\t\t\t\tVeuillez d\u00e9crire pourquoi vous voudriez participer \u00e0 ce camp et ce que vous esp\u00e9reriez tirer de votre participation.\t\t\t\t\t\t\t<\/label>\n\t\t\t\t\t\t<textarea class=\"elementor-field-textual elementor-field  elementor-size-md\" name=\"form_fields[field_ff16860]\" id=\"form-field-field_ff16860\" rows=\"4\" placeholder=\"Veuillez d\u00e9crire pourquoi vous voudriez participer \u00e0 ce camp et ce que vous esp\u00e9reriez tirer de votre participation.\" required=\"required\"><\/textarea>\t\t\t\t<\/div>\n\t\t\t\t\t\t\t\t<div class=\"elementor-field-type-recaptcha elementor-field-group elementor-column elementor-field-group-field_7ae9ac1 elementor-col-100\">\n\t\t\t\t\t<div class=\"elementor-field\" id=\"form-field-field_7ae9ac1\"><div class=\"elementor-g-recaptcha\" data-sitekey=\"6LfOkx0lAAAAAEGtq6CZxgzX9kMlEQJ55Y5OssFM\" data-type=\"v2_checkbox\" data-theme=\"light\" data-size=\"normal\"><\/div><\/div>\t\t\t\t<\/div>\n\t\t\t\t\t\t\t\t<div class=\"elementor-field-group elementor-column elementor-field-type-submit elementor-col-100 e-form__buttons\">\n\t\t\t\t\t<button class=\"elementor-button elementor-size-md\" type=\"submit\">\n\t\t\t\t\t\t<span class=\"elementor-button-content-wrapper\">\n\t\t\t\t\t\t\t\t\t\t\t\t\t\t\t\t\t\t\t\t\t\t<span class=\"elementor-button-text\">Soumettre<\/span>\n\t\t\t\t\t\t\t\t\t\t\t\t\t<\/span>\n\t\t\t\t\t<\/button>\n\t\t\t\t<\/div>\n\t\t\t<\/div>\n\t\t<\/form>\n\t\t\t\t\t\t<\/div>\n\t\t\t\t<\/div>\n\t\t\t\t<div class=\"elementor-element elementor-element-0c833ec elementor-widget elementor-widget-text-editor\" data-id=\"0c833ec\" data-element_type=\"widget\" data-widget_type=\"text-editor.default\">\n\t\t\t\t<div class=\"elementor-widget-container\">\n\t\t\t\t\t\t\t\t\t<p><small>* Veuillez noter que les candidats qui ne satisfont pas au crit\u00e8re ci-dessus d\u2019un membre sous-repr\u00e9sent\u00e9 de la communaut\u00e9 sont<br \/>invit\u00e9s \u00e0 poser leur candidature dans le cadre de notre processus d\u2019embauche r\u00e9gulier. La police de Saint John accueille tous les<br \/>candidats, quelles que soient leurs caract\u00e9ristiques prot\u00e9g\u00e9es, et se conformera \u00e0 toutes les obligations pr\u00e9vues par la Loi sur les<br \/>droits de la personne du Nouveau-Brunswick.<\/small><\/p>\t\t\t\t\t\t\t\t<\/div>\n\t\t\t\t<\/div>\n\t\t\t\t\t<\/div>\n\t\t<\/div>\n\t\t\t\t\t<\/div>\n\t\t<\/section>\n\t\t\t\t<\/div>\n\t\t","protected":false},"excerpt":{"rendered":"<p>Camp de recrutement pour l\u2019inclusion et la diversit\u00e9 de la Force polici\u00e8re de Saint John 23 mai 2024 \u00ab La diff\u00e9rence entre ce que vous \u00eates aujourd\u2019hui et une personne qui fait la diff\u00e9rence n\u2019est s\u00e9par\u00e9e que par l\u2019inconnu. \u00bb La Force polici\u00e8re de Saint John est fi\u00e8re d\u2019annoncer le lancement de son premier camp [&hellip;]<\/p>\n","protected":false},"author":2,"featured_media":0,"parent":3068,"menu_order":0,"comment_status":"closed","ping_status":"closed","template":"elementor_theme","meta":{"iawp_total_views":2,"footnotes":""},"class_list":["post-6605","page","type-page","status-publish","hentry"],"publishpress_future_action":{"enabled":false,"date":"2026-04-24 15:04:24","action":"change-status","newStatus":"draft","terms":[],"taxonomy":"translation_priority","extraData":[]},"publishpress_future_workflow_manual_trigger":{"enabledWorkflows":[]},"_links":{"self":[{"href":"https:\/\/sjpf.certtechweb.com\/fr\/wp-json\/wp\/v2\/pages\/6605","targetHints":{"allow":["GET"]}}],"collection":[{"href":"https:\/\/sjpf.certtechweb.com\/fr\/wp-json\/wp\/v2\/pages"}],"about":[{"href":"https:\/\/sjpf.certtechweb.com\/fr\/wp-json\/wp\/v2\/types\/page"}],"author":[{"embeddable":true,"href":"https:\/\/sjpf.certtechweb.com\/fr\/wp-json\/wp\/v2\/users\/2"}],"replies":[{"embeddable":true,"href":"https:\/\/sjpf.certtechweb.com\/fr\/wp-json\/wp\/v2\/comments?post=6605"}],"version-history":[{"count":63,"href":"https:\/\/sjpf.certtechweb.com\/fr\/wp-json\/wp\/v2\/pages\/6605\/revisions"}],"predecessor-version":[{"id":8656,"href":"https:\/\/sjpf.certtechweb.com\/fr\/wp-json\/wp\/v2\/pages\/6605\/revisions\/8656"}],"up":[{"embeddable":true,"href":"https:\/\/sjpf.certtechweb.com\/fr\/wp-json\/wp\/v2\/pages\/3068"}],"wp:attachment":[{"href":"https:\/\/sjpf.certtechweb.com\/fr\/wp-json\/wp\/v2\/media?parent=6605"}],"curies":[{"name":"wp","href":"https:\/\/api.w.org\/{rel}","templated":true}]}}