{"id":3215,"date":"2022-12-22T08:50:00","date_gmt":"2022-12-22T08:50:00","guid":{"rendered":"https:\/\/saintjohnpolice.ca\/demander-une-presence-dans-la-communaute\/"},"modified":"2023-03-02T11:26:11","modified_gmt":"2023-03-02T11:26:11","slug":"demander-une-presence-dans-la-communaute","status":"publish","type":"page","link":"https:\/\/sjpf.certtechweb.com\/fr\/comment-faire\/demander-une-presence-dans-la-communaute\/","title":{"rendered":"Demander une pr\u00e9sence dans la communaut\u00e9"},"content":{"rendered":"\t\t<div data-elementor-type=\"wp-page\" data-elementor-id=\"3215\" class=\"elementor elementor-3215 elementor-284\" data-elementor-post-type=\"page\">\n\t\t\t\t\t\t<section class=\"elementor-section elementor-top-section elementor-element elementor-element-7392ed6 elementor-section-boxed elementor-section-height-default elementor-section-height-default\" data-id=\"7392ed6\" data-element_type=\"section\" data-settings=\"{&quot;jet_parallax_layout_list&quot;:[]}\">\n\t\t\t\t\t\t<div class=\"elementor-container elementor-column-gap-default\">\n\t\t\t\t\t<div class=\"elementor-column elementor-col-100 elementor-top-column elementor-element elementor-element-7bf1e28\" data-id=\"7bf1e28\" data-element_type=\"column\">\n\t\t\t<div class=\"elementor-widget-wrap elementor-element-populated\">\n\t\t\t\t\t\t<div class=\"elementor-element elementor-element-3d21406 elementor-widget elementor-widget-text-editor\" data-id=\"3d21406\" data-element_type=\"widget\" data-widget_type=\"text-editor.default\">\n\t\t\t\t<div class=\"elementor-widget-container\">\n\t\t\t\t\t\t\t\t\t<p><img fetchpriority=\"high\" decoding=\"async\" class=\"alignnone wp-image-2193\" src=\"https:\/\/sjpf.certtechweb.com\/wp-content\/uploads\/2023\/01\/0X9A2291-300x175.jpg\" alt=\"\" width=\"1087\" height=\"634\" srcset=\"https:\/\/sjpf.certtechweb.com\/wp-content\/uploads\/2023\/01\/0X9A2291-300x175.jpg 300w, https:\/\/sjpf.certtechweb.com\/wp-content\/uploads\/2023\/01\/0X9A2291-1024x598.jpg 1024w, https:\/\/sjpf.certtechweb.com\/wp-content\/uploads\/2023\/01\/0X9A2291-768x448.jpg 768w, https:\/\/sjpf.certtechweb.com\/wp-content\/uploads\/2023\/01\/0X9A2291-1536x897.jpg 1536w, https:\/\/sjpf.certtechweb.com\/wp-content\/uploads\/2023\/01\/0X9A2291-2048x1196.jpg 2048w\" sizes=\"(max-width: 1087px) 100vw, 1087px\" \/><\/p>\n<p>Le Service de police de Saint John est fier de servir sa communaut\u00e9. Les agents de police peuvent \u00eatre pr\u00e9sents dans la communaut\u00e9 et faire des pr\u00e9sentations afin de promouvoir la s\u00e9curit\u00e9 publique et d\u2019\u00e9tablir des liens avec le public.<\/p>\n<p>Veuillez noter qu\u2019en raison du nombre de demandes que le Service de police de Saint John re\u00e7oit chaque ann\u00e9e, il se peut qu\u2019on ne r\u00e9ponde pas imm\u00e9diatement \u00e0 votre demande et qu\u2019on n\u2019y donne pas suite. Seuls les \u00e9v\u00e9nements qui s\u2019alignent sur les priorit\u00e9s strat\u00e9giques du Service de police de Saint John seront pris en compte. La pr\u00e9sence dans la communaut\u00e9 est un service gratuit; toutefois, si vous avez besoin d\u2019un agent de police pour renforcer la s\u00e9curit\u00e9 de votre \u00e9v\u00e9nement, veuillez consulter la page \u00ab\u00a0<a href=\"https:\/\/sjpf.certtechweb.com\/fr\/how-do-i\/hire-a-paid-duty-officer-2\/\"> Engager un agent en service r\u00e9mun\u00e9r\u00e9 \u00ab\u00a0<\/a>.<\/p>\n<p>Pour demander la pr\u00e9sence d\u2019un agent de police dans la communaut\u00e9, veuillez remplir le formulaire de demande de pr\u00e9sence dans la communaut\u00e9 ci-dessous. Une fois la demande re\u00e7ue, un repr\u00e9sentant de la police de Saint John communiquera avec vous pour confirmer la pr\u00e9sence d\u2019un agent de police et discuter de tout d\u00e9tail suppl\u00e9mentaire. Nous vous remercions de l\u2019int\u00e9r\u00eat que vous portez \u00e0 la pr\u00e9sence d\u2019un membre du Service de police de Saint John \u00e0 votre prochain \u00e9v\u00e9nement.<\/p>\n\t\t\t\t\t\t\t\t<\/div>\n\t\t\t\t<\/div>\n\t\t\t\t<div class=\"elementor-element elementor-element-246722c elementor-button-align-start elementor-widget elementor-widget-form\" data-id=\"246722c\" data-element_type=\"widget\" data-settings=\"{&quot;step_next_label&quot;:&quot;Suivant&quot;,&quot;step_previous_label&quot;:&quot;Pr\\u00e9c\\u00e9dent&quot;,&quot;button_width&quot;:&quot;100&quot;,&quot;step_type&quot;:&quot;number_text&quot;,&quot;step_icon_shape&quot;:&quot;circle&quot;}\" data-widget_type=\"form.default\">\n\t\t\t\t<div class=\"elementor-widget-container\">\n\t\t\t\t\t\t\t<form class=\"elementor-form\" method=\"post\" name=\"Demander une pr\u00e9sence dans la communaut\u00e9\" aria-label=\"Demander une pr\u00e9sence dans la communaut\u00e9\">\n\t\t\t<input type=\"hidden\" name=\"post_id\" value=\"3215\"\/>\n\t\t\t<input type=\"hidden\" name=\"form_id\" value=\"246722c\"\/>\n\t\t\t<input type=\"hidden\" name=\"referer_title\" value=\"\" \/>\n\n\t\t\t\n\t\t\t<div class=\"elementor-form-fields-wrapper elementor-labels-\">\n\t\t\t\t\t\t\t\t<div class=\"elementor-field-type-text elementor-field-group elementor-column elementor-field-group-name elementor-col-50 elementor-field-required\">\n\t\t\t\t\t\t\t\t\t\t\t\t<label for=\"form-field-name\" class=\"elementor-field-label elementor-screen-only\">\n\t\t\t\t\t\t\t\tNom de l\u2019\u00e9v\u00e9nement\t\t\t\t\t\t\t<\/label>\n\t\t\t\t\t\t\t\t\t\t\t\t\t\t<input size=\"1\" type=\"text\" name=\"form_fields[name]\" id=\"form-field-name\" class=\"elementor-field elementor-size-md  elementor-field-textual\" placeholder=\"Nom de l\u2019\u00e9v\u00e9nement\" required=\"required\">\n\t\t\t\t\t\t\t\t\t\t\t<\/div>\n\t\t\t\t\t\t\t\t<div class=\"elementor-field-type-text elementor-field-group elementor-column elementor-field-group-field_7fd0bd8 elementor-col-50\">\n\t\t\t\t\t\t\t\t\t\t\t\t<label for=\"form-field-field_7fd0bd8\" class=\"elementor-field-label elementor-screen-only\">\n\t\t\t\t\t\t\t\tNom du groupe ou de l\u2019organisation\t\t\t\t\t\t\t<\/label>\n\t\t\t\t\t\t\t\t\t\t\t\t\t\t<input size=\"1\" type=\"text\" name=\"form_fields[field_7fd0bd8]\" id=\"form-field-field_7fd0bd8\" class=\"elementor-field elementor-size-md  elementor-field-textual\" placeholder=\"Nom du groupe ou de l\u2019organisation\">\n\t\t\t\t\t\t\t\t\t\t\t<\/div>\n\t\t\t\t\t\t\t\t<div class=\"elementor-field-type-text elementor-field-group elementor-column elementor-field-group-field_75f5202 elementor-col-50 elementor-field-required\">\n\t\t\t\t\t\t\t\t\t\t\t\t<label for=\"form-field-field_75f5202\" class=\"elementor-field-label elementor-screen-only\">\n\t\t\t\t\t\t\t\tTaille du groupe\t\t\t\t\t\t\t<\/label>\n\t\t\t\t\t\t\t\t\t\t\t\t\t\t<input size=\"1\" type=\"text\" name=\"form_fields[field_75f5202]\" id=\"form-field-field_75f5202\" class=\"elementor-field elementor-size-md  elementor-field-textual\" placeholder=\"Taille du groupe\" required=\"required\">\n\t\t\t\t\t\t\t\t\t\t\t<\/div>\n\t\t\t\t\t\t\t\t<div class=\"elementor-field-type-text elementor-field-group elementor-column elementor-field-group-field_bfa9bbe elementor-col-50 elementor-field-required\">\n\t\t\t\t\t\t\t\t\t\t\t\t<label for=\"form-field-field_bfa9bbe\" class=\"elementor-field-label elementor-screen-only\">\n\t\t\t\t\t\t\t\tLieu de l\u2019\u00e9v\u00e9nement\t\t\t\t\t\t\t<\/label>\n\t\t\t\t\t\t\t\t\t\t\t\t\t\t<input size=\"1\" type=\"text\" name=\"form_fields[field_bfa9bbe]\" id=\"form-field-field_bfa9bbe\" class=\"elementor-field elementor-size-md  elementor-field-textual\" placeholder=\"Lieu de l\u2019\u00e9v\u00e9nement\" required=\"required\">\n\t\t\t\t\t\t\t\t\t\t\t<\/div>\n\t\t\t\t\t\t\t\t<div class=\"elementor-field-type-date elementor-field-group elementor-column elementor-field-group-field_0d9b449 elementor-col-50 elementor-field-required\">\n\t\t\t\t\t\t\t\t\t\t\t\t<label for=\"form-field-field_0d9b449\" class=\"elementor-field-label elementor-screen-only\">\n\t\t\t\t\t\t\t\tDate de l\u2019\u00e9v\u00e9nement\t\t\t\t\t\t\t<\/label>\n\t\t\t\t\t\t\n\t\t<input type=\"date\" name=\"form_fields[field_0d9b449]\" id=\"form-field-field_0d9b449\" class=\"elementor-field elementor-size-md  elementor-field-textual elementor-date-field\" placeholder=\"Date de l\u2019\u00e9v\u00e9nement\" required=\"required\" pattern=\"[0-9]{4}-[0-9]{2}-[0-9]{2}\">\n\t\t\t\t\t\t<\/div>\n\t\t\t\t\t\t\t\t<div class=\"elementor-field-type-time elementor-field-group elementor-column elementor-field-group-field_35dda7d elementor-col-50 elementor-field-required\">\n\t\t\t\t\t\t\t\t\t\t\t\t<label for=\"form-field-field_35dda7d\" class=\"elementor-field-label elementor-screen-only\">\n\t\t\t\t\t\t\t\tHeure de l\u2019\u00e9v\u00e9nement\t\t\t\t\t\t\t<\/label>\n\t\t\t\t\t\t\t\t<input type=\"time\" name=\"form_fields[field_35dda7d]\" id=\"form-field-field_35dda7d\" class=\"elementor-field elementor-size-md  elementor-field-textual elementor-time-field\" placeholder=\"Heure de l\u2019\u00e9v\u00e9nement\" required=\"required\">\n\t\t\t\t\t\t<\/div>\n\t\t\t\t\t\t\t\t<div class=\"elementor-field-type-textarea elementor-field-group elementor-column elementor-field-group-message elementor-col-100 elementor-field-required\">\n\t\t\t\t\t\t\t\t\t\t\t\t<label for=\"form-field-message\" class=\"elementor-field-label elementor-screen-only\">\n\t\t\t\t\t\t\t\tVeuillez expliquer comment votre \u00e9v\u00e9nement favorise la pr\u00e9vention de la criminalit\u00e9 et l\u2019\u00e9ducation\t\t\t\t\t\t\t<\/label>\n\t\t\t\t\t\t<textarea class=\"elementor-field-textual elementor-field  elementor-size-md\" name=\"form_fields[message]\" id=\"form-field-message\" rows=\"4\" placeholder=\"Veuillez expliquer comment votre \u00e9v\u00e9nement favorise la pr\u00e9vention de la criminalit\u00e9 et l\u2019\u00e9ducation\" required=\"required\"><\/textarea>\t\t\t\t<\/div>\n\t\t\t\t\t\t\t\t<div class=\"elementor-field-type-text elementor-field-group elementor-column elementor-field-group-field_8dae8fa elementor-col-100 elementor-field-required\">\n\t\t\t\t\t\t\t\t\t\t\t\t<label for=\"form-field-field_8dae8fa\" class=\"elementor-field-label elementor-screen-only\">\n\t\t\t\t\t\t\t\tNom de la personne-ressource\t\t\t\t\t\t\t<\/label>\n\t\t\t\t\t\t\t\t\t\t\t\t\t\t<input size=\"1\" type=\"text\" name=\"form_fields[field_8dae8fa]\" id=\"form-field-field_8dae8fa\" class=\"elementor-field elementor-size-md  elementor-field-textual\" placeholder=\"Nom de la personne-ressource\" required=\"required\">\n\t\t\t\t\t\t\t\t\t\t\t<\/div>\n\t\t\t\t\t\t\t\t<div class=\"elementor-field-type-text elementor-field-group elementor-column elementor-field-group-field_1c325c2 elementor-col-50\">\n\t\t\t\t\t\t\t\t\t\t\t\t<label for=\"form-field-field_1c325c2\" class=\"elementor-field-label elementor-screen-only\">\n\t\t\t\t\t\t\t\tN\u00ba de t\u00e9l\u00e9phone\t\t\t\t\t\t\t<\/label>\n\t\t\t\t\t\t\t\t\t\t\t\t\t\t<input size=\"1\" type=\"text\" name=\"form_fields[field_1c325c2]\" id=\"form-field-field_1c325c2\" class=\"elementor-field elementor-size-md  elementor-field-textual\" placeholder=\"N\u00ba de t\u00e9l\u00e9phone\">\n\t\t\t\t\t\t\t\t\t\t\t<\/div>\n\t\t\t\t\t\t\t\t<div class=\"elementor-field-type-email elementor-field-group elementor-column elementor-field-group-email elementor-col-50 elementor-field-required\">\n\t\t\t\t\t\t\t\t\t\t\t\t<label for=\"form-field-email\" class=\"elementor-field-label elementor-screen-only\">\n\t\t\t\t\t\t\t\tCOURRIEL\t\t\t\t\t\t\t<\/label>\n\t\t\t\t\t\t\t\t\t\t\t\t\t\t<input size=\"1\" type=\"email\" name=\"form_fields[email]\" id=\"form-field-email\" class=\"elementor-field elementor-size-md  elementor-field-textual\" placeholder=\"COURRIEL\" required=\"required\">\n\t\t\t\t\t\t\t\t\t\t\t<\/div>\n\t\t\t\t\t\t\t\t<div class=\"elementor-field-type-recaptcha_v3 elementor-field-group elementor-column elementor-field-group-field_05c0413 elementor-col-100 recaptcha_v3-inline\">\n\t\t\t\t\t<div class=\"elementor-field\" id=\"form-field-field_05c0413\"><div class=\"elementor-g-recaptcha\" data-sitekey=\"6LcnlR0lAAAAAGqNVEa7EzStQBDwi03wg6X9PZC2\" data-type=\"v3\" data-action=\"Form\" data-badge=\"inline\" data-size=\"invisible\"><\/div><\/div>\t\t\t\t<\/div>\n\t\t\t\t\t\t\t\t<div class=\"elementor-field-group elementor-column elementor-field-type-submit elementor-col-100 e-form__buttons\">\n\t\t\t\t\t<button class=\"elementor-button elementor-size-md\" type=\"submit\">\n\t\t\t\t\t\t<span class=\"elementor-button-content-wrapper\">\n\t\t\t\t\t\t\t\t\t\t\t\t\t\t\t\t\t\t\t\t\t\t<span class=\"elementor-button-text\">Soumettre<\/span>\n\t\t\t\t\t\t\t\t\t\t\t\t\t<\/span>\n\t\t\t\t\t<\/button>\n\t\t\t\t<\/div>\n\t\t\t<\/div>\n\t\t<\/form>\n\t\t\t\t\t\t<\/div>\n\t\t\t\t<\/div>\n\t\t\t\t\t<\/div>\n\t\t<\/div>\n\t\t\t\t\t<\/div>\n\t\t<\/section>\n\t\t\t\t<\/div>\n\t\t","protected":false},"excerpt":{"rendered":"","protected":false},"author":2,"featured_media":0,"parent":3240,"menu_order":0,"comment_status":"closed","ping_status":"closed","template":"elementor_theme","meta":{"iawp_total_views":4,"footnotes":""},"class_list":["post-3215","page","type-page","status-publish","hentry"],"publishpress_future_action":{"enabled":false,"date":"2026-04-24 13:54:45","action":"change-status","newStatus":"draft","terms":[],"taxonomy":"translation_priority","extraData":[]},"publishpress_future_workflow_manual_trigger":{"enabledWorkflows":[]},"_links":{"self":[{"href":"https:\/\/sjpf.certtechweb.com\/fr\/wp-json\/wp\/v2\/pages\/3215","targetHints":{"allow":["GET"]}}],"collection":[{"href":"https:\/\/sjpf.certtechweb.com\/fr\/wp-json\/wp\/v2\/pages"}],"about":[{"href":"https:\/\/sjpf.certtechweb.com\/fr\/wp-json\/wp\/v2\/types\/page"}],"author":[{"embeddable":true,"href":"https:\/\/sjpf.certtechweb.com\/fr\/wp-json\/wp\/v2\/users\/2"}],"replies":[{"embeddable":true,"href":"https:\/\/sjpf.certtechweb.com\/fr\/wp-json\/wp\/v2\/comments?post=3215"}],"version-history":[{"count":7,"href":"https:\/\/sjpf.certtechweb.com\/fr\/wp-json\/wp\/v2\/pages\/3215\/revisions"}],"predecessor-version":[{"id":4262,"href":"https:\/\/sjpf.certtechweb.com\/fr\/wp-json\/wp\/v2\/pages\/3215\/revisions\/4262"}],"up":[{"embeddable":true,"href":"https:\/\/sjpf.certtechweb.com\/fr\/wp-json\/wp\/v2\/pages\/3240"}],"wp:attachment":[{"href":"https:\/\/sjpf.certtechweb.com\/fr\/wp-json\/wp\/v2\/media?parent=3215"}],"curies":[{"name":"wp","href":"https:\/\/api.w.org\/{rel}","templated":true}]}}