{"id":3207,"date":"2022-12-22T08:50:00","date_gmt":"2022-12-22T12:50:00","guid":{"rendered":"https:\/\/saintjohnpolice.ca\/soumettre-une-information\/"},"modified":"2025-07-06T11:04:26","modified_gmt":"2025-07-06T14:04:26","slug":"soumettre-une-information","status":"publish","type":"page","link":"https:\/\/sjpf.certtechweb.com\/fr\/comment-faire\/soumettre-une-information\/","title":{"rendered":"Soumettre une information"},"content":{"rendered":"\n<p>Le Service de police de Saint John encourage les citoyens \u00e0 soumettre une information qui contribuera \u00e0 assurer la s\u00e9curit\u00e9 de la communaut\u00e9.<\/p>\n\n\n\n<p><strong>Veuillez ne PAS communiquer de renseignements dans les cas suivants :<\/strong><\/p>\n\n\n\n<ul class=\"wp-block-list\">\n<li>une urgence (APPELEZ LE 9-1-1)<\/li>\n\n\n\n<li>un crime qui vous est arriv\u00e9 et qui n\u2019a pas encore \u00e9t\u00e9 signal\u00e9 <a href=\"https:\/\/sjpf.certtechweb.com\/fr\/how-do-i\/file-a-report\/\">(Cliquez ici : Signalez-le)<\/a><\/li>\n\n\n\n<li>un crime en cours (APPELEZ LE 9-1-1)<\/li>\n<\/ul>\n\n\n\n<p><strong>Soumettre une information<\/strong> Si vous avez des renseignements sur un crime, sur une activit\u00e9 suspecte, sur une personne suspecte ou sur toute autre chose dont vous pensez que nous devrions \u00eatre inform\u00e9s, vous pouvez les d\u00e9voiler :<\/p>\n\n\n\n<p><\/p>\n\n\n\n<div class=\"wp-block-buttons is-layout-flex wp-block-buttons-is-layout-flex\">\n<div class=\"wp-block-button\"><a class=\"wp-block-button__link has-white-color has-black-background-color has-text-color has-background has-link-color wp-element-button\" href=\"https:\/\/www.coplogic.ca\/dors\/startreport\/300000453\/fr\" style=\"border-radius:0px\" target=\"_blank\" rel=\"noopener\">Signalement En Ligne Des Crimes<\/a><\/div>\n<\/div>\n\n\n\n<p><\/p>\n\n\n\n<ul class=\"wp-block-list\">\n<li>par t\u00e9l\u00e9phone en nous appelant au <a href=\"tel:506-648-3333\" target=\"_blank\" rel=\"noreferrer noopener\">506 648-3333<\/a><\/li>\n\n\n\n<li>en vous pr\u00e9sentant au 1 Peel Plaza, Saint John, N.-B.<\/li>\n<\/ul>\n\n\n\n<p><strong>Soumettre un conseil anonyme<\/strong><br>D\u00e9voilez en ligne Si vous souhaitez rester anonyme, veuillez soumettre votre information directement \u00e0 \u00c9chec au crime en composant le 1 800 222-TIPS (8477) ou en acc\u00e9dant au site Signalement<\/p>\n\n\n\n<p><\/p>\n\n\n\n<div class=\"wp-block-buttons is-layout-flex wp-block-buttons-is-layout-flex\">\n<div class=\"wp-block-button\"><a class=\"wp-block-button__link has-white-color has-black-background-color has-text-color has-background has-link-color wp-element-button\" href=\"https:\/\/crimenb.ca\/signalement\/?lang=fr\" style=\"border-radius:0px\" target=\"_blank\" rel=\"noopener\">Conseils Anonymes<\/a><\/div>\n<\/div>\n\n\n\n<p><\/p>\n\n\n\n<p>Ensemble, une communaut\u00e9 s\u00fbre, s\u00e9curis\u00e9e et saine<\/p>\n","protected":false},"excerpt":{"rendered":"<p>Le Service de police de Saint John encourage les citoyens \u00e0 soumettre une information qui contribuera \u00e0 assurer la s\u00e9curit\u00e9 de la communaut\u00e9. Veuillez ne PAS communiquer de renseignements dans les cas suivants : Soumettre une information Si vous avez des renseignements sur un crime, sur une activit\u00e9 suspecte, sur une personne suspecte ou sur [&hellip;]<\/p>\n","protected":false},"author":2,"featured_media":0,"parent":3240,"menu_order":0,"comment_status":"closed","ping_status":"closed","template":"elementor_theme","meta":{"iawp_total_views":4,"footnotes":""},"class_list":["post-3207","page","type-page","status-publish","hentry"],"publishpress_future_action":{"enabled":false,"date":"2026-04-24 13:50:14","action":"change-status","newStatus":"draft","terms":[],"taxonomy":"translation_priority","extraData":[]},"publishpress_future_workflow_manual_trigger":{"enabledWorkflows":[]},"_links":{"self":[{"href":"https:\/\/sjpf.certtechweb.com\/fr\/wp-json\/wp\/v2\/pages\/3207","targetHints":{"allow":["GET"]}}],"collection":[{"href":"https:\/\/sjpf.certtechweb.com\/fr\/wp-json\/wp\/v2\/pages"}],"about":[{"href":"https:\/\/sjpf.certtechweb.com\/fr\/wp-json\/wp\/v2\/types\/page"}],"author":[{"embeddable":true,"href":"https:\/\/sjpf.certtechweb.com\/fr\/wp-json\/wp\/v2\/users\/2"}],"replies":[{"embeddable":true,"href":"https:\/\/sjpf.certtechweb.com\/fr\/wp-json\/wp\/v2\/comments?post=3207"}],"version-history":[{"count":8,"href":"https:\/\/sjpf.certtechweb.com\/fr\/wp-json\/wp\/v2\/pages\/3207\/revisions"}],"predecessor-version":[{"id":9243,"href":"https:\/\/sjpf.certtechweb.com\/fr\/wp-json\/wp\/v2\/pages\/3207\/revisions\/9243"}],"up":[{"embeddable":true,"href":"https:\/\/sjpf.certtechweb.com\/fr\/wp-json\/wp\/v2\/pages\/3240"}],"wp:attachment":[{"href":"https:\/\/sjpf.certtechweb.com\/fr\/wp-json\/wp\/v2\/media?parent=3207"}],"curies":[{"name":"wp","href":"https:\/\/api.w.org\/{rel}","templated":true}]}}