{"id":3193,"date":"2022-12-22T08:52:35","date_gmt":"2022-12-22T08:52:35","guid":{"rendered":"https:\/\/saintjohnpolice.ca\/?page_id=3193"},"modified":"2023-02-28T14:45:14","modified_gmt":"2023-02-28T14:45:14","slug":"service-juridique","status":"publish","type":"page","link":"https:\/\/sjpf.certtechweb.com\/fr\/ce-que-nous-faisons\/administration\/service-juridique\/","title":{"rendered":"Service juridique"},"content":{"rendered":"\n<p>Le mandat du conseiller juridique du Service de police de Saint&nbsp;John est de fournir des conseils et des orientations juridiques aux agents et aux services de police dans les domaines du droit p\u00e9nal, du droit constitutionnel, de la responsabilit\u00e9 civile et du droit du travail.<\/p>\n\n\n\n<p> Le conseiller juridique est charg\u00e9 de r\u00e9pondre aux demandes de renseignements juridiques \u00e9manant des agents et des services de police, ainsi que de fournir des conseils et des avis juridiques sur toute question pouvant survenir.<\/p>\n\n\n\n<p> Le conseiller juridique peut \u00e9galement servir de repr\u00e9sentant de la police de Saint&nbsp;John dans toute proc\u00e9dure judiciaire, y compris les comparutions devant les tribunaux et les n\u00e9gociations.<\/p>\n\n\n\n<p> En outre, le conseiller juridique est charg\u00e9 d\u2019examiner et de r\u00e9viser les politiques et les proc\u00e9dures afin de s\u2019assurer qu\u2019elles respectent les lois et les r\u00e8glements applicables.<\/p>\n","protected":false},"excerpt":{"rendered":"<p>Le mandat du conseiller juridique du Service de police de Saint&nbsp;John est de fournir des conseils et des orientations juridiques aux agents et aux services de police dans les domaines du droit p\u00e9nal, du droit constitutionnel, de la responsabilit\u00e9 civile et du droit du travail. Le conseiller juridique est charg\u00e9 de r\u00e9pondre aux demandes de [&hellip;]<\/p>\n","protected":false},"author":2,"featured_media":0,"parent":3182,"menu_order":0,"comment_status":"closed","ping_status":"closed","template":"","meta":{"iawp_total_views":0,"footnotes":""},"class_list":["post-3193","page","type-page","status-publish","hentry"],"publishpress_future_action":{"enabled":false,"date":"2026-04-24 15:04:01","action":"change-status","newStatus":"draft","terms":[],"taxonomy":"translation_priority","extraData":[]},"publishpress_future_workflow_manual_trigger":{"enabledWorkflows":[]},"_links":{"self":[{"href":"https:\/\/sjpf.certtechweb.com\/fr\/wp-json\/wp\/v2\/pages\/3193","targetHints":{"allow":["GET"]}}],"collection":[{"href":"https:\/\/sjpf.certtechweb.com\/fr\/wp-json\/wp\/v2\/pages"}],"about":[{"href":"https:\/\/sjpf.certtechweb.com\/fr\/wp-json\/wp\/v2\/types\/page"}],"author":[{"embeddable":true,"href":"https:\/\/sjpf.certtechweb.com\/fr\/wp-json\/wp\/v2\/users\/2"}],"replies":[{"embeddable":true,"href":"https:\/\/sjpf.certtechweb.com\/fr\/wp-json\/wp\/v2\/comments?post=3193"}],"version-history":[{"count":2,"href":"https:\/\/sjpf.certtechweb.com\/fr\/wp-json\/wp\/v2\/pages\/3193\/revisions"}],"predecessor-version":[{"id":3768,"href":"https:\/\/sjpf.certtechweb.com\/fr\/wp-json\/wp\/v2\/pages\/3193\/revisions\/3768"}],"up":[{"embeddable":true,"href":"https:\/\/sjpf.certtechweb.com\/fr\/wp-json\/wp\/v2\/pages\/3182"}],"wp:attachment":[{"href":"https:\/\/sjpf.certtechweb.com\/fr\/wp-json\/wp\/v2\/media?parent=3193"}],"curies":[{"name":"wp","href":"https:\/\/api.w.org\/{rel}","templated":true}]}}