{"id":3148,"date":"2022-12-22T08:55:09","date_gmt":"2022-12-22T12:55:09","guid":{"rendered":"https:\/\/saintjohnpolice.ca\/services-de-patrouille\/equipe-chargee-de-lengagement-communautaire\/"},"modified":"2024-05-28T14:33:59","modified_gmt":"2024-05-28T17:33:59","slug":"equipe-chargee-de-lengagement-communautaire","status":"publish","type":"page","link":"https:\/\/sjpf.certtechweb.com\/fr\/ce-que-nous-faisons\/services-de-patrouille\/equipe-chargee-de-lengagement-communautaire\/","title":{"rendered":"\u00c9quipe charg\u00e9e de l\u2019engagement communautaire"},"content":{"rendered":"\n<figure class=\"wp-block-image size-full\"><img fetchpriority=\"high\" decoding=\"async\" width=\"1024\" height=\"746\" src=\"https:\/\/sjpf.certtechweb.com\/wp-content\/uploads\/2024\/05\/community-police-team-1.jpg\" alt=\"\" class=\"wp-image-7353\" srcset=\"https:\/\/sjpf.certtechweb.com\/wp-content\/uploads\/2024\/05\/community-police-team-1.jpg 1024w, https:\/\/sjpf.certtechweb.com\/wp-content\/uploads\/2024\/05\/community-police-team-1-300x219.jpg 300w, https:\/\/sjpf.certtechweb.com\/wp-content\/uploads\/2024\/05\/community-police-team-1-768x560.jpg 768w\" sizes=\"(max-width: 1024px) 100vw, 1024px\" \/><\/figure>\n\n\n\n<p>L&rsquo;\u00e9quipe charg\u00e9e de l&rsquo;engagement communautaire applique les strat\u00e9gies et initiatives actuelles de r\u00e9solution des probl\u00e8mes d&rsquo;application de la loi, en mettant l&rsquo;accent sur la pr\u00e9vention de la criminalit\u00e9.<\/p>\n\n\n\n<p>L&rsquo;\u00e9quipe est charg\u00e9e d&rsquo;\u00e9tablir et de maintenir des liens et des partenariats solides au sein de la communaut\u00e9, en appliquant des approches personnalis\u00e9es en r\u00e9ponse aux besoins de la communaut\u00e9 \u00e0 des niveaux g\u00e9ographiques tr\u00e8s sp\u00e9cifiques.<\/p>\n\n\n\n<p>En \u00e9tablissant et en maintenant une pr\u00e9sence efficace au sein de la communaut\u00e9 et dans le but d&rsquo;apporter des solutions \u00e0 long terme, le sergent charg\u00e9 de l&rsquo;engagement communautaire participe et supervise les comit\u00e9s consultatifs de la police et de la communaut\u00e9 en parvenant \u00e0 un \u00e9quilibre entre le mandat de la police et celui de la communaut\u00e9.<\/p>\n\n\n\n<p><strong>Notre sergent charg\u00e9 de l&rsquo;engagement communautaire est le sergent Jeremy Edwards:<\/strong> <a href=\"mailto:Jeremy.Edwards@saintjohn.ca\">Jeremy.Edwards@saintjohn.ca<\/a><\/p>\n\n\n\n<p><strong>Nos officiers de quartier sont:<\/strong><\/p>\n\n\n\n<p><strong>Cst. Matthew Innes (Sud)<\/strong>: <a href=\"mailto:Matthew.Innes@saintjohn.ca\">Matthew.Innes@saintjohn.ca<\/a><\/p>\n\n\n\n<p><strong>Gend. Alexander Joudrey (Sud):<\/strong> <a href=\"mailto:Alexander.joudrey@saintjohn.ca\">Alexander.joudrey@saintjohn.ca<\/a><\/p>\n\n\n\n<p><strong>Gend. Arlene Palmer (Est):<\/strong> <a href=\"mailto:Arlene.Palmer@saintjohn.ca\">Arlene.Palmer@saintjohn.ca<\/a><\/p>\n\n\n\n<p><strong>Gend. Robert Milley (Est):<\/strong> <a href=\"mailto:Robert.Milley@saintjohn.ca\">Robert.Milley@saintjohn.ca<\/a><\/p>\n\n\n\n<p><strong>Gend. Philip Maher (Nord):<\/strong> <a href=\"mailto:Philip.Maher@saintjohn.ca\">Philip.Maher@saintjohn.ca<\/a><\/p>\n\n\n\n<p><strong>Gend. Cheyenne Coffin (Nord):<\/strong> <a href=\"mailto:Cheyenne.coffin@saintjohn.ca\">Cheyenne.coffin@saintjohn.ca<\/a><\/p>\n\n\n\n<p><strong>Gend. Adel Villareal (Ouest):<\/strong> <a href=\"mailto:Adel.Villareal@saintjohn.ca\">Adel.Villareal@saintjohn.ca<\/a><\/p>\n\n\n\n<p><strong>Gend. Dawson Warner (Ouest):<\/strong> <a href=\"mailto:Dawson.Warner@saintjohn.ca\">Dawson.Warner@saintjohn.ca<\/a><\/p>\n","protected":false},"excerpt":{"rendered":"<p>L&rsquo;\u00e9quipe charg\u00e9e de l&rsquo;engagement communautaire applique les strat\u00e9gies et initiatives actuelles de r\u00e9solution des probl\u00e8mes d&rsquo;application de la loi, en mettant l&rsquo;accent sur la pr\u00e9vention de la criminalit\u00e9. L&rsquo;\u00e9quipe est charg\u00e9e d&rsquo;\u00e9tablir et de maintenir des liens et des partenariats solides au sein de la communaut\u00e9, en appliquant des approches personnalis\u00e9es en r\u00e9ponse aux besoins [&hellip;]<\/p>\n","protected":false},"author":2,"featured_media":0,"parent":3130,"menu_order":0,"comment_status":"closed","ping_status":"closed","template":"","meta":{"iawp_total_views":5,"footnotes":""},"class_list":["post-3148","page","type-page","status-publish","hentry"],"publishpress_future_action":{"enabled":false,"date":"2026-04-24 15:02:35","action":"change-status","newStatus":"draft","terms":[],"taxonomy":"translation_priority","extraData":[]},"publishpress_future_workflow_manual_trigger":{"enabledWorkflows":[]},"_links":{"self":[{"href":"https:\/\/sjpf.certtechweb.com\/fr\/wp-json\/wp\/v2\/pages\/3148","targetHints":{"allow":["GET"]}}],"collection":[{"href":"https:\/\/sjpf.certtechweb.com\/fr\/wp-json\/wp\/v2\/pages"}],"about":[{"href":"https:\/\/sjpf.certtechweb.com\/fr\/wp-json\/wp\/v2\/types\/page"}],"author":[{"embeddable":true,"href":"https:\/\/sjpf.certtechweb.com\/fr\/wp-json\/wp\/v2\/users\/2"}],"replies":[{"embeddable":true,"href":"https:\/\/sjpf.certtechweb.com\/fr\/wp-json\/wp\/v2\/comments?post=3148"}],"version-history":[{"count":2,"href":"https:\/\/sjpf.certtechweb.com\/fr\/wp-json\/wp\/v2\/pages\/3148\/revisions"}],"predecessor-version":[{"id":7356,"href":"https:\/\/sjpf.certtechweb.com\/fr\/wp-json\/wp\/v2\/pages\/3148\/revisions\/7356"}],"up":[{"embeddable":true,"href":"https:\/\/sjpf.certtechweb.com\/fr\/wp-json\/wp\/v2\/pages\/3130"}],"wp:attachment":[{"href":"https:\/\/sjpf.certtechweb.com\/fr\/wp-json\/wp\/v2\/media?parent=3148"}],"curies":[{"name":"wp","href":"https:\/\/api.w.org\/{rel}","templated":true}]}}