{"id":3144,"date":"2022-12-22T08:55:09","date_gmt":"2022-12-22T08:55:09","guid":{"rendered":"https:\/\/saintjohnpolice.ca\/?page_id=3144"},"modified":"2023-02-14T11:46:02","modified_gmt":"2023-02-14T11:46:02","slug":"experts-en-reconnaissance-de-drogues-erd","status":"publish","type":"page","link":"https:\/\/sjpf.certtechweb.com\/fr\/ce-que-nous-faisons\/services-de-patrouille\/experts-en-reconnaissance-de-drogues-erd\/","title":{"rendered":"Experts en reconnaissance de drogues (ERD)"},"content":{"rendered":"\n<p>Les experts en reconnaissance de drogues (ERD) sont des agents de police form\u00e9s pour reconna\u00eetre les facult\u00e9s affaiblies par les drogues chez les personnes soup\u00e7onn\u00e9es de conduire dans un tel \u00e9tat. Les ERD sont form\u00e9s pour observer, interroger et \u00e9valuer les conducteurs soup\u00e7onn\u00e9s d\u2019\u00eatre sous l\u2019influence de drogues. Ils effectuent des tests physiques comme la v\u00e9rification du pouls du conducteur, la taille de ses pupilles et la recherche de signes de consommation de drogues. <\/p>\n\n\n\n<p>Les ERD fournissent \u00e9galement leur t\u00e9moignage dans des affaires judiciaires impliquant des conducteurs sous l\u2019influence de drogues. Gr\u00e2ce \u00e0 leur formation et \u00e0 leur expertise, les ERD jouent un r\u00f4le important dans la s\u00e9curit\u00e9 de nos routes et la protection des citoyens contre les conducteurs sous l\u2019influence de drogues.<\/p>\n","protected":false},"excerpt":{"rendered":"<p>Les experts en reconnaissance de drogues (ERD) sont des agents de police form\u00e9s pour reconna\u00eetre les facult\u00e9s affaiblies par les drogues chez les personnes soup\u00e7onn\u00e9es de conduire dans un tel \u00e9tat. Les ERD sont form\u00e9s pour observer, interroger et \u00e9valuer les conducteurs soup\u00e7onn\u00e9s d\u2019\u00eatre sous l\u2019influence de drogues. Ils effectuent des tests physiques comme la [&hellip;]<\/p>\n","protected":false},"author":2,"featured_media":0,"parent":3130,"menu_order":0,"comment_status":"closed","ping_status":"closed","template":"","meta":{"iawp_total_views":9,"footnotes":""},"class_list":["post-3144","page","type-page","status-publish","hentry"],"publishpress_future_action":{"enabled":false,"date":"2026-04-24 13:55:23","action":"change-status","newStatus":"draft","terms":[],"taxonomy":"translation_priority","extraData":[]},"publishpress_future_workflow_manual_trigger":{"enabledWorkflows":[]},"_links":{"self":[{"href":"https:\/\/sjpf.certtechweb.com\/fr\/wp-json\/wp\/v2\/pages\/3144","targetHints":{"allow":["GET"]}}],"collection":[{"href":"https:\/\/sjpf.certtechweb.com\/fr\/wp-json\/wp\/v2\/pages"}],"about":[{"href":"https:\/\/sjpf.certtechweb.com\/fr\/wp-json\/wp\/v2\/types\/page"}],"author":[{"embeddable":true,"href":"https:\/\/sjpf.certtechweb.com\/fr\/wp-json\/wp\/v2\/users\/2"}],"replies":[{"embeddable":true,"href":"https:\/\/sjpf.certtechweb.com\/fr\/wp-json\/wp\/v2\/comments?post=3144"}],"version-history":[{"count":1,"href":"https:\/\/sjpf.certtechweb.com\/fr\/wp-json\/wp\/v2\/pages\/3144\/revisions"}],"predecessor-version":[{"id":3145,"href":"https:\/\/sjpf.certtechweb.com\/fr\/wp-json\/wp\/v2\/pages\/3144\/revisions\/3145"}],"up":[{"embeddable":true,"href":"https:\/\/sjpf.certtechweb.com\/fr\/wp-json\/wp\/v2\/pages\/3130"}],"wp:attachment":[{"href":"https:\/\/sjpf.certtechweb.com\/fr\/wp-json\/wp\/v2\/media?parent=3144"}],"curies":[{"name":"wp","href":"https:\/\/api.w.org\/{rel}","templated":true}]}}