{"id":3130,"date":"2022-12-22T08:55:09","date_gmt":"2022-12-22T08:55:09","guid":{"rendered":"https:\/\/saintjohnpolice.ca\/services-de-patrouille\/"},"modified":"2023-02-14T11:30:14","modified_gmt":"2023-02-14T11:30:14","slug":"services-de-patrouille","status":"publish","type":"page","link":"https:\/\/sjpf.certtechweb.com\/fr\/ce-que-nous-faisons\/services-de-patrouille\/","title":{"rendered":"Services de patrouille"},"content":{"rendered":"\n<figure class=\"wp-block-image size-large\"><img fetchpriority=\"high\" decoding=\"async\" width=\"1024\" height=\"683\" src=\"https:\/\/sjpf.certtechweb.com\/wp-content\/uploads\/2022\/12\/Other-1024x683.jpg\" alt=\"\" class=\"wp-image-23\" srcset=\"https:\/\/sjpf.certtechweb.com\/wp-content\/uploads\/2022\/12\/Other-1024x683.jpg 1024w, https:\/\/sjpf.certtechweb.com\/wp-content\/uploads\/2022\/12\/Other-300x200.jpg 300w, https:\/\/sjpf.certtechweb.com\/wp-content\/uploads\/2022\/12\/Other-768x512.jpg 768w, https:\/\/sjpf.certtechweb.com\/wp-content\/uploads\/2022\/12\/Other-1536x1024.jpg 1536w, https:\/\/sjpf.certtechweb.com\/wp-content\/uploads\/2022\/12\/Other-2048x1365.jpg 2048w\" sizes=\"(max-width: 1024px) 100vw, 1024px\" \/><\/figure>\n\n<p>Les services de patrouille constituent l\u2019\u00e9pine dorsale du Service de police de Saint John. Ils sont charg\u00e9s de r\u00e9pondre aux appels de service, de patrouiller dans les quartiers, d\u2019effectuer des contr\u00f4les routiers et d\u2019assurer une pr\u00e9sence visible dans la communaut\u00e9 jour et nuit. <\/p>\n\n<p>Ils sont \u00e9galement charg\u00e9s d\u2019enqu\u00eater sur les crimes, d\u2019appr\u00e9hender les suspects et d\u2019assurer la s\u00e9curit\u00e9 lors d\u2019\u00e9v\u00e9nements publics. Les services de patrouille constituent \u00e9galement une source inestimable de renseignements pour le service de police et agissent souvent comme premi\u00e8re ligne de d\u00e9fense contre la criminalit\u00e9.<\/p>\n","protected":false},"excerpt":{"rendered":"<p>Les services de patrouille constituent l\u2019\u00e9pine dorsale du Service de police de Saint John. Ils sont charg\u00e9s de r\u00e9pondre aux appels de service, de patrouiller dans les quartiers, d\u2019effectuer des contr\u00f4les routiers et d\u2019assurer une pr\u00e9sence visible dans la communaut\u00e9 jour et nuit. Ils sont \u00e9galement charg\u00e9s d\u2019enqu\u00eater sur les crimes, d\u2019appr\u00e9hender les suspects et [&hellip;]<\/p>\n","protected":false},"author":2,"featured_media":0,"parent":3180,"menu_order":0,"comment_status":"closed","ping_status":"closed","template":"","meta":{"iawp_total_views":1,"footnotes":""},"class_list":["post-3130","page","type-page","status-publish","hentry"],"publishpress_future_action":{"enabled":false,"date":"2026-04-24 13:55:23","action":"change-status","newStatus":"draft","terms":[],"taxonomy":"translation_priority","extraData":[]},"publishpress_future_workflow_manual_trigger":{"enabledWorkflows":[]},"_links":{"self":[{"href":"https:\/\/sjpf.certtechweb.com\/fr\/wp-json\/wp\/v2\/pages\/3130","targetHints":{"allow":["GET"]}}],"collection":[{"href":"https:\/\/sjpf.certtechweb.com\/fr\/wp-json\/wp\/v2\/pages"}],"about":[{"href":"https:\/\/sjpf.certtechweb.com\/fr\/wp-json\/wp\/v2\/types\/page"}],"author":[{"embeddable":true,"href":"https:\/\/sjpf.certtechweb.com\/fr\/wp-json\/wp\/v2\/users\/2"}],"replies":[{"embeddable":true,"href":"https:\/\/sjpf.certtechweb.com\/fr\/wp-json\/wp\/v2\/comments?post=3130"}],"version-history":[{"count":1,"href":"https:\/\/sjpf.certtechweb.com\/fr\/wp-json\/wp\/v2\/pages\/3130\/revisions"}],"predecessor-version":[{"id":3131,"href":"https:\/\/sjpf.certtechweb.com\/fr\/wp-json\/wp\/v2\/pages\/3130\/revisions\/3131"}],"up":[{"embeddable":true,"href":"https:\/\/sjpf.certtechweb.com\/fr\/wp-json\/wp\/v2\/pages\/3180"}],"wp:attachment":[{"href":"https:\/\/sjpf.certtechweb.com\/fr\/wp-json\/wp\/v2\/media?parent=3130"}],"curies":[{"name":"wp","href":"https:\/\/api.w.org\/{rel}","templated":true}]}}