{"id":3123,"date":"2022-12-22T08:55:09","date_gmt":"2022-12-22T08:55:09","guid":{"rendered":"https:\/\/saintjohnpolice.ca\/?page_id=3123"},"modified":"2023-02-14T11:54:02","modified_gmt":"2023-02-14T11:54:02","slug":"unite-de-lordre-public-uop","status":"publish","type":"page","link":"https:\/\/sjpf.certtechweb.com\/fr\/ce-que-nous-faisons\/services-de-patrouille\/unite-de-lordre-public-uop\/","title":{"rendered":"Unit\u00e9 de l\u2019ordre public (UOP)"},"content":{"rendered":"\n<p>L\u2019unit\u00e9 de l\u2019ordre public du Service de police de Saint\u00a0John est charg\u00e9e de r\u00e9pondre aux troubles publics et de maintenir l\u2019ordre public. Cette unit\u00e9 est compos\u00e9e d\u2019agents sp\u00e9cialement form\u00e9s pour le contr\u00f4le des foules et des \u00e9meutes. L\u2019unit\u00e9 de l\u2019ordre public sp\u00e9cialement form\u00e9e est dot\u00e9e d\u2019\u00e9quipements de protection et applique des tactiques de contr\u00f4le des foules pour g\u00e9rer efficacement et en toute s\u00e9curit\u00e9 les grandes foules dans des situations potentiellement chaotiques.<\/p>\n\n\n\n<p> Le Service de police de Saint\u00a0John compte sur l\u2019unit\u00e9 de l\u2019ordre public pour assurer la s\u00e9curit\u00e9 publique, prot\u00e9ger les droits des citoyens et pr\u00e9server la paix. L\u2019unit\u00e9 est \u00e9galement charg\u00e9e d\u2019intervenir au besoin lors d\u2019\u00e9v\u00e9nements comme des manifestations, des d\u00e9fil\u00e9s et des festivals. L\u2019unit\u00e9 de l\u2019ordre public veille \u00e0 ce que le public puisse exercer son droit de rassemblement en toute s\u00e9curit\u00e9, tout en fournissant un soutien et en maintenant la paix pour assurer la s\u00e9curit\u00e9 de toutes les personnes concern\u00e9es.<\/p>\n","protected":false},"excerpt":{"rendered":"<p>L\u2019unit\u00e9 de l\u2019ordre public du Service de police de Saint\u00a0John est charg\u00e9e de r\u00e9pondre aux troubles publics et de maintenir l\u2019ordre public. Cette unit\u00e9 est compos\u00e9e d\u2019agents sp\u00e9cialement form\u00e9s pour le contr\u00f4le des foules et des \u00e9meutes. L\u2019unit\u00e9 de l\u2019ordre public sp\u00e9cialement form\u00e9e est dot\u00e9e d\u2019\u00e9quipements de protection et applique des tactiques de contr\u00f4le des [&hellip;]<\/p>\n","protected":false},"author":2,"featured_media":0,"parent":3130,"menu_order":0,"comment_status":"closed","ping_status":"closed","template":"","meta":{"iawp_total_views":0,"footnotes":""},"class_list":["post-3123","page","type-page","status-publish","hentry"],"publishpress_future_action":{"enabled":false,"date":"2026-04-24 13:56:10","action":"change-status","newStatus":"draft","terms":[],"taxonomy":"translation_priority","extraData":[]},"publishpress_future_workflow_manual_trigger":{"enabledWorkflows":[]},"_links":{"self":[{"href":"https:\/\/sjpf.certtechweb.com\/fr\/wp-json\/wp\/v2\/pages\/3123","targetHints":{"allow":["GET"]}}],"collection":[{"href":"https:\/\/sjpf.certtechweb.com\/fr\/wp-json\/wp\/v2\/pages"}],"about":[{"href":"https:\/\/sjpf.certtechweb.com\/fr\/wp-json\/wp\/v2\/types\/page"}],"author":[{"embeddable":true,"href":"https:\/\/sjpf.certtechweb.com\/fr\/wp-json\/wp\/v2\/users\/2"}],"replies":[{"embeddable":true,"href":"https:\/\/sjpf.certtechweb.com\/fr\/wp-json\/wp\/v2\/comments?post=3123"}],"version-history":[{"count":2,"href":"https:\/\/sjpf.certtechweb.com\/fr\/wp-json\/wp\/v2\/pages\/3123\/revisions"}],"predecessor-version":[{"id":3153,"href":"https:\/\/sjpf.certtechweb.com\/fr\/wp-json\/wp\/v2\/pages\/3123\/revisions\/3153"}],"up":[{"embeddable":true,"href":"https:\/\/sjpf.certtechweb.com\/fr\/wp-json\/wp\/v2\/pages\/3130"}],"wp:attachment":[{"href":"https:\/\/sjpf.certtechweb.com\/fr\/wp-json\/wp\/v2\/media?parent=3123"}],"curies":[{"name":"wp","href":"https:\/\/api.w.org\/{rel}","templated":true}]}}