{"id":3075,"date":"2022-12-22T08:59:24","date_gmt":"2022-12-22T12:59:24","guid":{"rendered":"https:\/\/saintjohnpolice.ca\/communaute\/iwatch\/"},"modified":"2023-03-02T11:17:05","modified_gmt":"2023-03-02T11:17:05","slug":"iwatch","status":"publish","type":"page","link":"https:\/\/sjpf.certtechweb.com\/fr\/communaute\/iwatch\/","title":{"rendered":"iWatch"},"content":{"rendered":"\t\t<div data-elementor-type=\"wp-page\" data-elementor-id=\"3075\" class=\"elementor elementor-3075\" data-elementor-post-type=\"page\">\n\t\t\t\t\t\t<section class=\"elementor-section elementor-top-section elementor-element elementor-element-f155bc2 elementor-section-boxed elementor-section-height-default elementor-section-height-default\" data-id=\"f155bc2\" data-element_type=\"section\" data-settings=\"{&quot;jet_parallax_layout_list&quot;:[]}\">\n\t\t\t\t\t\t<div class=\"elementor-container elementor-column-gap-default\">\n\t\t\t\t\t<div class=\"elementor-column elementor-col-100 elementor-top-column elementor-element elementor-element-d85bff0\" data-id=\"d85bff0\" data-element_type=\"column\">\n\t\t\t<div class=\"elementor-widget-wrap elementor-element-populated\">\n\t\t\t\t\t\t<div class=\"elementor-element elementor-element-37f6c00 elementor-widget elementor-widget-text-editor\" data-id=\"37f6c00\" data-element_type=\"widget\" data-widget_type=\"text-editor.default\">\n\t\t\t\t<div class=\"elementor-widget-container\">\n\t\t\t\t\t\t\t\t\t<h2>Formulaire de Programme iWatch<\/h2>\n<div id=\"edit-intro-text\" class=\"js-form-item form-item js-form-type-processed-text form-item- js-form-item- form-no-label form-group\">\n<p>La force polici\u00e8re de Saint John est fi\u00e8re d&rsquo;annoncer leur toute derni\u00e8re initiative en mati\u00e8re de pr\u00e9vention du crime. Le programme donnera l&rsquo;opportunit\u00e9 aux citoyens et aux entreprises de jouer un r\u00f4le significatif dans la pr\u00e9vention du crime dans leur voisinage.<\/p>\n<p>Le programme invite les r\u00e9sidents\/entreprises ayant des syst\u00e8mes de surveillance ext\u00e9rieurs a donner leur information et \u00e0 compl\u00e8ter un formulaire en ligne au sujet de leur syst\u00e8me vid\u00e9o\/cam\u00e9ra. Cette information sera compil\u00e9e dans un syst\u00e8me de donn\u00e9es associ\u00e9 \u00e0 une carte de la ville. Si un crime se produit dans les p\u00e9rim\u00e8tres d&rsquo;une cam\u00e9ra de suveillance, les policiers pourraient contacter les propri\u00e9taires afin d&rsquo;avoir acc\u00e8s \u00e0 son contenu.<\/p>\n<p>Pour vous enregistrer au programme, il suffit de vous rendre sur notre site web et de remplir un court formulaire. Vous aurez besoin de fournir les informations suivantes:<\/p>\n<ul>\n<li>votre nom et coordon\u00e9es<\/li>\n<li>l&rsquo;adresse ou une cam\u00e9ra est situ\u00e9e<\/li>\n<li>les d\u00e9tails de l&rsquo;appareil vid\u00e9o (marque, mod\u00e8le, ann\u00e9e, programmes, etc)<\/li>\n<\/ul>\n<p>Il n&rsquo;y \u00a0a aucunco\u00fbt li\u00e9 \u00e0 ce programme et toute information restera confidentiel. Vous serez contacter par la SJPF si un crime a lieu dans les p\u00e9rim\u00e8tres de votre cam\u00e9ra. \u00a0D&rsquo;autres programmes similaires sont en place dans des communaut\u00e9s \u00e0 travers les Etats-Unis et le Canada. Les extraits vid\u00e9os fournient par les ciotyens ont aid\u00e9 \u00e0 l&rsquo;arrestation de plusieurs criminels.<\/p>\n<p><strong>ENREGISTREZ VOUS AUJOURD&rsquo;HUI AFIN DE FAIRE PARTIE DU PROGRAMME iWATCH DE LA FORCE POLICIERE DE SAINT JOHN!<\/strong><\/p>\n<p><strong>Notez bien:<\/strong><br \/>\nceci est simplement un registre et en aucun temps nous demandons acc\u00e8s directe \u00e0 votre syst\u00e8me de s\u00e9curit\u00e9 ou \u00e0 vos ordinateurs. Les extraits fournient par les citoyens sont sur base volontaire seulement et seront seulement demander si un crime se produit dans les p\u00e9rim\u00e8tres de votre syst\u00e8me de surveillance.<\/p>\n<\/div>\n\t\t\t\t\t\t\t\t<\/div>\n\t\t\t\t<\/div>\n\t\t\t\t<div class=\"elementor-element elementor-element-fcc9b39 elementor-button-align-start elementor-widget elementor-widget-form\" data-id=\"fcc9b39\" data-element_type=\"widget\" data-settings=\"{&quot;step_next_label&quot;:&quot;Suivant&quot;,&quot;step_previous_label&quot;:&quot;Pr\\u00e9c\\u00e9dent&quot;,&quot;button_width&quot;:&quot;100&quot;,&quot;step_type&quot;:&quot;number_text&quot;,&quot;step_icon_shape&quot;:&quot;circle&quot;}\" data-widget_type=\"form.default\">\n\t\t\t\t<div class=\"elementor-widget-container\">\n\t\t\t\t\t\t\t<form class=\"elementor-form\" method=\"post\" name=\"Iwatch\" aria-label=\"Iwatch\">\n\t\t\t<input type=\"hidden\" name=\"post_id\" value=\"3075\"\/>\n\t\t\t<input type=\"hidden\" name=\"form_id\" value=\"fcc9b39\"\/>\n\t\t\t<input type=\"hidden\" name=\"referer_title\" value=\"\" \/>\n\n\t\t\t\n\t\t\t<div class=\"elementor-form-fields-wrapper elementor-labels-above\">\n\t\t\t\t\t\t\t\t<div class=\"elementor-field-type-text elementor-field-group elementor-column elementor-field-group-name elementor-col-50 elementor-field-required\">\n\t\t\t\t\t\t\t\t\t\t\t\t<label for=\"form-field-name\" class=\"elementor-field-label\">\n\t\t\t\t\t\t\t\tPr\u00e9nom\t\t\t\t\t\t\t<\/label>\n\t\t\t\t\t\t\t\t\t\t\t\t\t\t<input size=\"1\" type=\"text\" name=\"form_fields[name]\" id=\"form-field-name\" class=\"elementor-field elementor-size-md  elementor-field-textual\" placeholder=\"Pr\u00e9nom\" required=\"required\">\n\t\t\t\t\t\t\t\t\t\t\t<\/div>\n\t\t\t\t\t\t\t\t<div class=\"elementor-field-type-text elementor-field-group elementor-column elementor-field-group-field_7fd0bd8 elementor-col-50\">\n\t\t\t\t\t\t\t\t\t\t\t\t<label for=\"form-field-field_7fd0bd8\" class=\"elementor-field-label\">\n\t\t\t\t\t\t\t\tNom de famille\t\t\t\t\t\t\t<\/label>\n\t\t\t\t\t\t\t\t\t\t\t\t\t\t<input size=\"1\" type=\"text\" name=\"form_fields[field_7fd0bd8]\" id=\"form-field-field_7fd0bd8\" class=\"elementor-field elementor-size-md  elementor-field-textual\" placeholder=\"Nom de famille\">\n\t\t\t\t\t\t\t\t\t\t\t<\/div>\n\t\t\t\t\t\t\t\t<div class=\"elementor-field-type-text elementor-field-group elementor-column elementor-field-group-field_1c325c2 elementor-col-50\">\n\t\t\t\t\t\t\t\t\t\t\t\t<label for=\"form-field-field_1c325c2\" class=\"elementor-field-label\">\n\t\t\t\t\t\t\t\tT\u00e9l\u00e9phone\t\t\t\t\t\t\t<\/label>\n\t\t\t\t\t\t\t\t\t\t\t\t\t\t<input size=\"1\" type=\"text\" name=\"form_fields[field_1c325c2]\" id=\"form-field-field_1c325c2\" class=\"elementor-field elementor-size-md  elementor-field-textual\" placeholder=\"T\u00e9l\u00e9phone\">\n\t\t\t\t\t\t\t\t\t\t\t<\/div>\n\t\t\t\t\t\t\t\t<div class=\"elementor-field-type-email elementor-field-group elementor-column elementor-field-group-email elementor-col-50 elementor-field-required\">\n\t\t\t\t\t\t\t\t\t\t\t\t<label for=\"form-field-email\" class=\"elementor-field-label\">\n\t\t\t\t\t\t\t\tE-mail\t\t\t\t\t\t\t<\/label>\n\t\t\t\t\t\t\t\t\t\t\t\t\t\t<input size=\"1\" type=\"email\" name=\"form_fields[email]\" id=\"form-field-email\" class=\"elementor-field elementor-size-md  elementor-field-textual\" placeholder=\"E-mail\" required=\"required\">\n\t\t\t\t\t\t\t\t\t\t\t<\/div>\n\t\t\t\t\t\t\t\t<div class=\"elementor-field-type-text elementor-field-group elementor-column elementor-field-group-field_bfa9bbe elementor-col-50 elementor-field-required\">\n\t\t\t\t\t\t\t\t\t\t\t\t<label for=\"form-field-field_bfa9bbe\" class=\"elementor-field-label\">\n\t\t\t\t\t\t\t\tADRESSE\t\t\t\t\t\t\t<\/label>\n\t\t\t\t\t\t\t\t\t\t\t\t\t\t<input size=\"1\" type=\"text\" name=\"form_fields[field_bfa9bbe]\" id=\"form-field-field_bfa9bbe\" class=\"elementor-field elementor-size-md  elementor-field-textual\" placeholder=\"ADRESSE\" required=\"required\">\n\t\t\t\t\t\t\t\t\t\t\t<\/div>\n\t\t\t\t\t\t\t\t<div class=\"elementor-field-type-checkbox elementor-field-group elementor-column elementor-field-group-field_bcd2707 elementor-col-50\">\n\t\t\t\t\t\t\t\t\t\t\t\t<label for=\"form-field-field_bcd2707\" class=\"elementor-field-label\">\n\t\t\t\t\t\t\t\tTYPE DE PROPRI\u00c9T\u00c9\t\t\t\t\t\t\t<\/label>\n\t\t\t\t\t\t<div class=\"elementor-field-subgroup  elementor-subgroup-inline\"><span class=\"elementor-field-option\"><input type=\"checkbox\" value=\"R\u00c9SIDENTIEL\" id=\"form-field-field_bcd2707-0\" name=\"form_fields[field_bcd2707][]\"> <label for=\"form-field-field_bcd2707-0\">R\u00c9SIDENTIEL<\/label><\/span><span class=\"elementor-field-option\"><input type=\"checkbox\" value=\"ENTREPRISE\" id=\"form-field-field_bcd2707-1\" name=\"form_fields[field_bcd2707][]\"> <label for=\"form-field-field_bcd2707-1\">ENTREPRISE<\/label><\/span><\/div>\t\t\t\t<\/div>\n\t\t\t\t\t\t\t\t<div class=\"elementor-field-type-textarea elementor-field-group elementor-column elementor-field-group-message elementor-col-100 elementor-field-required\">\n\t\t\t\t\t\t\t\t\t\t\t\t<label for=\"form-field-message\" class=\"elementor-field-label\">\n\t\t\t\t\t\t\t\tD\u00c9TAILS DE LA CAM\u00c9RA\t\t\t\t\t\t\t<\/label>\n\t\t\t\t\t\t<textarea class=\"elementor-field-textual elementor-field  elementor-size-md\" name=\"form_fields[message]\" id=\"form-field-message\" rows=\"4\" placeholder=\"D\u00c9TAILS DE LA CAM\u00c9RA\" required=\"required\"><\/textarea>\t\t\t\t<\/div>\n\t\t\t\t\t\t\t\t<div class=\"elementor-field-type-html elementor-field-group elementor-column elementor-field-group-field_e75b874 elementor-col-100\">\n\t\t\t\t\tAstuce : Saisie des d\u00e9tails de la cam\u00e9ra :\nSVP entrer le mod\u00e8le et la marque de la cam\u00e9ra ainsi que les endroits sur votre propri\u00e9t\u00e9 o\u00f9 logiciel de lecteur o\u00f9 format de fichier o\u00f9 vous avez des cam\u00e9ras ainsi que les temps de la journ\u00e9e o\u00f9 vous enregistrez des images.\t\t\t\t<\/div>\n\t\t\t\t\t\t\t\t<div class=\"elementor-field-type-recaptcha_v3 elementor-field-group elementor-column elementor-field-group-field_9092896 elementor-col-100 recaptcha_v3-inline\">\n\t\t\t\t\t<div class=\"elementor-field\" id=\"form-field-field_9092896\"><div class=\"elementor-g-recaptcha\" data-sitekey=\"6LcnlR0lAAAAAGqNVEa7EzStQBDwi03wg6X9PZC2\" data-type=\"v3\" data-action=\"Form\" data-badge=\"inline\" data-size=\"invisible\"><\/div><\/div>\t\t\t\t<\/div>\n\t\t\t\t\t\t\t\t<div class=\"elementor-field-group elementor-column elementor-field-type-submit elementor-col-100 e-form__buttons\">\n\t\t\t\t\t<button class=\"elementor-button elementor-size-md\" type=\"submit\">\n\t\t\t\t\t\t<span class=\"elementor-button-content-wrapper\">\n\t\t\t\t\t\t\t\t\t\t\t\t\t\t\t\t\t\t\t\t\t\t<span class=\"elementor-button-text\">Soumettre<\/span>\n\t\t\t\t\t\t\t\t\t\t\t\t\t<\/span>\n\t\t\t\t\t<\/button>\n\t\t\t\t<\/div>\n\t\t\t<\/div>\n\t\t<\/form>\n\t\t\t\t\t\t<\/div>\n\t\t\t\t<\/div>\n\t\t\t\t\t<\/div>\n\t\t<\/div>\n\t\t\t\t\t<\/div>\n\t\t<\/section>\n\t\t\t\t<\/div>\n\t\t","protected":false},"excerpt":{"rendered":"","protected":false},"author":2,"featured_media":0,"parent":3066,"menu_order":0,"comment_status":"closed","ping_status":"closed","template":"","meta":{"iawp_total_views":0,"footnotes":""},"class_list":["post-3075","page","type-page","status-publish","hentry"],"publishpress_future_action":{"enabled":false,"date":"2026-04-24 16:49:03","action":"change-status","newStatus":"draft","terms":[],"taxonomy":"translation_priority","extraData":[]},"publishpress_future_workflow_manual_trigger":{"enabledWorkflows":[]},"_links":{"self":[{"href":"https:\/\/sjpf.certtechweb.com\/fr\/wp-json\/wp\/v2\/pages\/3075","targetHints":{"allow":["GET"]}}],"collection":[{"href":"https:\/\/sjpf.certtechweb.com\/fr\/wp-json\/wp\/v2\/pages"}],"about":[{"href":"https:\/\/sjpf.certtechweb.com\/fr\/wp-json\/wp\/v2\/types\/page"}],"author":[{"embeddable":true,"href":"https:\/\/sjpf.certtechweb.com\/fr\/wp-json\/wp\/v2\/users\/2"}],"replies":[{"embeddable":true,"href":"https:\/\/sjpf.certtechweb.com\/fr\/wp-json\/wp\/v2\/comments?post=3075"}],"version-history":[{"count":10,"href":"https:\/\/sjpf.certtechweb.com\/fr\/wp-json\/wp\/v2\/pages\/3075\/revisions"}],"predecessor-version":[{"id":4231,"href":"https:\/\/sjpf.certtechweb.com\/fr\/wp-json\/wp\/v2\/pages\/3075\/revisions\/4231"}],"up":[{"embeddable":true,"href":"https:\/\/sjpf.certtechweb.com\/fr\/wp-json\/wp\/v2\/pages\/3066"}],"wp:attachment":[{"href":"https:\/\/sjpf.certtechweb.com\/fr\/wp-json\/wp\/v2\/media?parent=3075"}],"curies":[{"name":"wp","href":"https:\/\/api.w.org\/{rel}","templated":true}]}}