{"id":3068,"date":"2022-12-22T08:59:24","date_gmt":"2022-12-22T12:59:24","guid":{"rendered":"https:\/\/saintjohnpolice.ca\/communaute\/engagement-communautaire\/"},"modified":"2023-12-11T12:18:14","modified_gmt":"2023-12-11T16:18:14","slug":"engagement-communautaire","status":"publish","type":"page","link":"https:\/\/sjpf.certtechweb.com\/fr\/communaute\/engagement-communautaire\/","title":{"rendered":"Engagement communautaire"},"content":{"rendered":"\n<p>Engagement communautaire L\u2019\u00e9quipe charg\u00e9e de l\u2019engagement communautaire applique les strat\u00e9gies et les initiatives actuelles de r\u00e9solution des probl\u00e8mes d\u2019application de la loi en mettant l\u2019accent sur la pr\u00e9vention de la criminalit\u00e9. <\/p>\n\n\n\n<p>L\u2019\u00e9quipe est charg\u00e9e de d\u00e9velopper et de maintenir des liens et des partenariats solides au sein de la communaut\u00e9, en appliquant des approches personnalis\u00e9es en r\u00e9ponse aux besoins de la communaut\u00e9 \u00e0 des niveaux g\u00e9ographiques tr\u00e8s sp\u00e9cifiques. <\/p>\n\n\n\n<p>En \u00e9tablissant et en maintenant une pr\u00e9sence efficace au sein de la communaut\u00e9 et dans le but de fournir des solutions \u00e0 long terme, le sergent charg\u00e9 de l\u2019engagement communautaire participe aux comit\u00e9s consultatifs police\/communaut\u00e9 et en assure la supervision en parvenant \u00e0 un \u00e9quilibre entre le mandat de la Force, le maintien de l\u2019ordre et la communaut\u00e9. <\/p>\n\n\n\n<p><\/p>\n","protected":false},"excerpt":{"rendered":"<p>Engagement communautaire L\u2019\u00e9quipe charg\u00e9e de l\u2019engagement communautaire applique les strat\u00e9gies et les initiatives actuelles de r\u00e9solution des probl\u00e8mes d\u2019application de la loi en mettant l\u2019accent sur la pr\u00e9vention de la criminalit\u00e9. L\u2019\u00e9quipe est charg\u00e9e de d\u00e9velopper et de maintenir des liens et des partenariats solides au sein de la communaut\u00e9, en appliquant des approches personnalis\u00e9es [&hellip;]<\/p>\n","protected":false},"author":2,"featured_media":0,"parent":3066,"menu_order":0,"comment_status":"closed","ping_status":"closed","template":"","meta":{"iawp_total_views":2,"footnotes":""},"class_list":["post-3068","page","type-page","status-publish","hentry"],"publishpress_future_action":{"enabled":false,"date":"2026-04-24 15:04:03","action":"change-status","newStatus":"draft","terms":[],"taxonomy":"translation_priority","extraData":[]},"publishpress_future_workflow_manual_trigger":{"enabledWorkflows":[]},"_links":{"self":[{"href":"https:\/\/sjpf.certtechweb.com\/fr\/wp-json\/wp\/v2\/pages\/3068","targetHints":{"allow":["GET"]}}],"collection":[{"href":"https:\/\/sjpf.certtechweb.com\/fr\/wp-json\/wp\/v2\/pages"}],"about":[{"href":"https:\/\/sjpf.certtechweb.com\/fr\/wp-json\/wp\/v2\/types\/page"}],"author":[{"embeddable":true,"href":"https:\/\/sjpf.certtechweb.com\/fr\/wp-json\/wp\/v2\/users\/2"}],"replies":[{"embeddable":true,"href":"https:\/\/sjpf.certtechweb.com\/fr\/wp-json\/wp\/v2\/comments?post=3068"}],"version-history":[{"count":2,"href":"https:\/\/sjpf.certtechweb.com\/fr\/wp-json\/wp\/v2\/pages\/3068\/revisions"}],"predecessor-version":[{"id":6220,"href":"https:\/\/sjpf.certtechweb.com\/fr\/wp-json\/wp\/v2\/pages\/3068\/revisions\/6220"}],"up":[{"embeddable":true,"href":"https:\/\/sjpf.certtechweb.com\/fr\/wp-json\/wp\/v2\/pages\/3066"}],"wp:attachment":[{"href":"https:\/\/sjpf.certtechweb.com\/fr\/wp-json\/wp\/v2\/media?parent=3068"}],"curies":[{"name":"wp","href":"https:\/\/api.w.org\/{rel}","templated":true}]}}