{"id":3066,"date":"2022-12-30T12:00:32","date_gmt":"2022-12-30T12:00:32","guid":{"rendered":"https:\/\/saintjohnpolice.ca\/communaute\/"},"modified":"2023-02-14T09:29:43","modified_gmt":"2023-02-14T09:29:43","slug":"communaute","status":"publish","type":"page","link":"https:\/\/sjpf.certtechweb.com\/fr\/communaute\/","title":{"rendered":"Communaut\u00e9"},"content":{"rendered":"\n<figure class=\"wp-block-image size-large\"><img fetchpriority=\"high\" decoding=\"async\" width=\"1024\" height=\"785\" src=\"https:\/\/sjpf.certtechweb.com\/wp-content\/uploads\/2022\/12\/Pay-a-Compliment-Page-1024x785.jpg\" alt=\"\" class=\"wp-image-26\" srcset=\"https:\/\/sjpf.certtechweb.com\/wp-content\/uploads\/2022\/12\/Pay-a-Compliment-Page-1024x785.jpg 1024w, https:\/\/sjpf.certtechweb.com\/wp-content\/uploads\/2022\/12\/Pay-a-Compliment-Page-300x230.jpg 300w, https:\/\/sjpf.certtechweb.com\/wp-content\/uploads\/2022\/12\/Pay-a-Compliment-Page-768x589.jpg 768w, https:\/\/sjpf.certtechweb.com\/wp-content\/uploads\/2022\/12\/Pay-a-Compliment-Page-1536x1178.jpg 1536w, https:\/\/sjpf.certtechweb.com\/wp-content\/uploads\/2022\/12\/Pay-a-Compliment-Page-2048x1571.jpg 2048w\" sizes=\"(max-width: 1024px) 100vw, 1024px\" \/><\/figure>\n\n<p>L\u2019engagement communautaire et la pr\u00e9vention de la criminalit\u00e9 sont au c\u0153ur de notre mission, \u00ab Ensemble, une communaut\u00e9 s\u00fbre, s\u00e9curis\u00e9e et saine \u00bb. <\/p>\n\n<p>Notre objectif est de cr\u00e9er un environnement s\u00fbr et s\u00e9curis\u00e9 pour tous les membres de notre communaut\u00e9, et de favoriser la collaboration entre les forces de l\u2019ordre locales et les membres de la communaut\u00e9. <\/p>\n\n<p>Nous nous effor\u00e7ons de cr\u00e9er des relations de confiance entre les membres de la communaut\u00e9 et les agents de police, et d\u2019engager notre communaut\u00e9 dans des initiatives de pr\u00e9vention de la criminalit\u00e9. <\/p>\n\n<p>Nous pensons qu\u2019en travaillant ensemble, nous pouvons mieux pr\u00e9venir la criminalit\u00e9 et cr\u00e9er une communaut\u00e9 plus saine et plus s\u00fbre. Notre objectif est de donner \u00e0 notre communaut\u00e9 les moyens de prendre en main sa s\u00fbret\u00e9 et sa s\u00e9curit\u00e9, et de r\u00e9duire la criminalit\u00e9 par la compr\u00e9hension mutuelle et la collaboration.<\/p>\n","protected":false},"excerpt":{"rendered":"<p>L\u2019engagement communautaire et la pr\u00e9vention de la criminalit\u00e9 sont au c\u0153ur de notre mission, \u00ab Ensemble, une communaut\u00e9 s\u00fbre, s\u00e9curis\u00e9e et saine \u00bb. Notre objectif est de cr\u00e9er un environnement s\u00fbr et s\u00e9curis\u00e9 pour tous les membres de notre communaut\u00e9, et de favoriser la collaboration entre les forces de l\u2019ordre locales et les membres de [&hellip;]<\/p>\n","protected":false},"author":2,"featured_media":0,"parent":0,"menu_order":0,"comment_status":"closed","ping_status":"closed","template":"","meta":{"iawp_total_views":0,"footnotes":""},"class_list":["post-3066","page","type-page","status-publish","hentry"],"publishpress_future_action":{"enabled":false,"date":"2026-04-24 15:22:46","action":"change-status","newStatus":"draft","terms":[],"taxonomy":"translation_priority","extraData":[]},"publishpress_future_workflow_manual_trigger":{"enabledWorkflows":[]},"_links":{"self":[{"href":"https:\/\/sjpf.certtechweb.com\/fr\/wp-json\/wp\/v2\/pages\/3066","targetHints":{"allow":["GET"]}}],"collection":[{"href":"https:\/\/sjpf.certtechweb.com\/fr\/wp-json\/wp\/v2\/pages"}],"about":[{"href":"https:\/\/sjpf.certtechweb.com\/fr\/wp-json\/wp\/v2\/types\/page"}],"author":[{"embeddable":true,"href":"https:\/\/sjpf.certtechweb.com\/fr\/wp-json\/wp\/v2\/users\/2"}],"replies":[{"embeddable":true,"href":"https:\/\/sjpf.certtechweb.com\/fr\/wp-json\/wp\/v2\/comments?post=3066"}],"version-history":[{"count":1,"href":"https:\/\/sjpf.certtechweb.com\/fr\/wp-json\/wp\/v2\/pages\/3066\/revisions"}],"predecessor-version":[{"id":3067,"href":"https:\/\/sjpf.certtechweb.com\/fr\/wp-json\/wp\/v2\/pages\/3066\/revisions\/3067"}],"wp:attachment":[{"href":"https:\/\/sjpf.certtechweb.com\/fr\/wp-json\/wp\/v2\/media?parent=3066"}],"curies":[{"name":"wp","href":"https:\/\/api.w.org\/{rel}","templated":true}]}}