{"id":3014,"date":"2022-12-22T09:01:22","date_gmt":"2022-12-22T13:01:22","guid":{"rendered":"https:\/\/saintjohnpolice.ca\/joignez-vous-a-notre-equipe\/centre-des-communications-de-la-securite-publique\/"},"modified":"2025-07-06T11:26:40","modified_gmt":"2025-07-06T14:26:40","slug":"centre-des-communications-de-la-securite-publique","status":"publish","type":"page","link":"https:\/\/sjpf.certtechweb.com\/fr\/joignez-vous-a-notre-equipe\/centre-des-communications-de-la-securite-publique\/","title":{"rendered":"Centre des communications de la s\u00e9curit\u00e9 publique"},"content":{"rendered":"\n<figure class=\"wp-block-image size-full\"><img fetchpriority=\"high\" decoding=\"async\" width=\"1000\" height=\"698\" src=\"https:\/\/sjpf.certtechweb.com\/wp-content\/uploads\/2022\/12\/Join-Our-Team-Public-Safety-Communications-Center.jpg\" alt=\"\" class=\"wp-image-15\" srcset=\"https:\/\/sjpf.certtechweb.com\/wp-content\/uploads\/2022\/12\/Join-Our-Team-Public-Safety-Communications-Center.jpg 1000w, https:\/\/sjpf.certtechweb.com\/wp-content\/uploads\/2022\/12\/Join-Our-Team-Public-Safety-Communications-Center-300x209.jpg 300w, https:\/\/sjpf.certtechweb.com\/wp-content\/uploads\/2022\/12\/Join-Our-Team-Public-Safety-Communications-Center-768x536.jpg 768w\" sizes=\"(max-width: 1000px) 100vw, 1000px\" \/><\/figure>\n\n\n\n<p>Voulez-vous faire partie de quelque chose de plus grand que vous? Joignez-vous au Centre des communications de la sant\u00e9 publique (CCSP) et devenez un maillon essentiel pour assurer la s\u00e9curit\u00e9 de notre communaut\u00e9. <\/p>\n\n\n\n<p>Nous recherchons actuellement des personnes motiv\u00e9es, d\u00e9sireuses de contribuer au mieux-\u00eatre de la communaut\u00e9. Au Centre des communications de la s\u00e9curit\u00e9 publique, vous aurez l\u2019occasion de faire partie int\u00e9grante des interventions d\u2019urgence en r\u00e9pondant aux appels 911 et en r\u00e9partissant les services de police et d\u2019incendie. <\/p>\n\n\n\n<p>Le Centre des communications de la s\u00e9curit\u00e9 publique offre un salaire comp\u00e9titif, un ensemble d\u2019avantages sociaux et un excellent environnement de travail. Nous offrons une formation approfondie et des possibilit\u00e9s d\u2019avancement professionnel. <\/p>\n\n\n\n<p>Si vous \u00eates \u00e0 la recherche d\u2019une carri\u00e8re stimulante et enrichissante qui vous permettra de contribuer au mieux-\u00eatre de la communaut\u00e9, le Service de police de Saint John est peut-\u00eatre fait pour vous!<\/p>\n\n\n\n<p>Pour conna\u00eetre les possibilit\u00e9s actuelles et postuler en ligne, veuillez consulter la page<\/p>\n\n\n\n<p><\/p>\n\n\n\n<div class=\"wp-block-buttons is-layout-flex wp-block-buttons-is-layout-flex\">\n<div class=\"wp-block-button\"><a class=\"wp-block-button__link has-white-color has-black-background-color has-text-color has-background has-link-color wp-element-button\" href=\"https:\/\/saintjohn.njoyn.com\/CL2\/xweb\/XWeb.asp?tbtoken=ZlBaRBJaQ1U4Z3N4TSAhY1dUAhAvBkxYdlZZTlEEDWJFLUQaX0VpcBMDdTdQGVtXSHNnWDpQ&amp;chk=ZVpaShI%3D&amp;page=joblisting&amp;lang=2\" style=\"border-radius:0px\" target=\"_blank\" rel=\"noopener\">Offres d&#8217;emploi &#8211; Njoyn.com<\/a><\/div>\n<\/div>\n\n\n\n<p><\/p>\n\n\n\n<p>Pour toute demande de renseignements g\u00e9n\u00e9raux, veuillez communiquer avec les Ressources humaines par courriel \u00e0 l\u2019adresse <a href=\"mailto:policerecruit@saintjohn.ca\">policerecruit@saintjohn.ca<\/a> ou par t\u00e9l\u00e9phone au <a href=\"tel:506-648-3200\" target=\"_blank\" rel=\"noreferrer noopener\">506 648-3200<\/a><\/p>\n","protected":false},"excerpt":{"rendered":"<p>Voulez-vous faire partie de quelque chose de plus grand que vous? Joignez-vous au Centre des communications de la sant\u00e9 publique (CCSP) et devenez un maillon essentiel pour assurer la s\u00e9curit\u00e9 de notre communaut\u00e9. Nous recherchons actuellement des personnes motiv\u00e9es, d\u00e9sireuses de contribuer au mieux-\u00eatre de la communaut\u00e9. Au Centre des communications de la s\u00e9curit\u00e9 publique, [&hellip;]<\/p>\n","protected":false},"author":2,"featured_media":0,"parent":3002,"menu_order":0,"comment_status":"closed","ping_status":"closed","template":"","meta":{"iawp_total_views":2,"footnotes":""},"class_list":["post-3014","page","type-page","status-publish","hentry"],"publishpress_future_action":{"enabled":false,"date":"2026-04-24 15:17:19","action":"change-status","newStatus":"draft","terms":[],"taxonomy":"translation_priority","extraData":[]},"publishpress_future_workflow_manual_trigger":{"enabledWorkflows":[]},"_links":{"self":[{"href":"https:\/\/sjpf.certtechweb.com\/fr\/wp-json\/wp\/v2\/pages\/3014","targetHints":{"allow":["GET"]}}],"collection":[{"href":"https:\/\/sjpf.certtechweb.com\/fr\/wp-json\/wp\/v2\/pages"}],"about":[{"href":"https:\/\/sjpf.certtechweb.com\/fr\/wp-json\/wp\/v2\/types\/page"}],"author":[{"embeddable":true,"href":"https:\/\/sjpf.certtechweb.com\/fr\/wp-json\/wp\/v2\/users\/2"}],"replies":[{"embeddable":true,"href":"https:\/\/sjpf.certtechweb.com\/fr\/wp-json\/wp\/v2\/comments?post=3014"}],"version-history":[{"count":5,"href":"https:\/\/sjpf.certtechweb.com\/fr\/wp-json\/wp\/v2\/pages\/3014\/revisions"}],"predecessor-version":[{"id":9260,"href":"https:\/\/sjpf.certtechweb.com\/fr\/wp-json\/wp\/v2\/pages\/3014\/revisions\/9260"}],"up":[{"embeddable":true,"href":"https:\/\/sjpf.certtechweb.com\/fr\/wp-json\/wp\/v2\/pages\/3002"}],"wp:attachment":[{"href":"https:\/\/sjpf.certtechweb.com\/fr\/wp-json\/wp\/v2\/media?parent=3014"}],"curies":[{"name":"wp","href":"https:\/\/api.w.org\/{rel}","templated":true}]}}