{"id":3006,"date":"2022-12-22T09:01:22","date_gmt":"2022-12-22T13:01:22","guid":{"rendered":"https:\/\/saintjohnpolice.ca\/joignez-vous-a-notre-equipe\/possibilites-pour-les-civils\/"},"modified":"2025-07-06T11:26:24","modified_gmt":"2025-07-06T14:26:24","slug":"possibilites-pour-les-civils","status":"publish","type":"page","link":"https:\/\/sjpf.certtechweb.com\/fr\/joignez-vous-a-notre-equipe\/possibilites-pour-les-civils\/","title":{"rendered":"Possibilit\u00e9s pour les civils"},"content":{"rendered":"\n<p>Cherchez-vous une carri\u00e8re passionnante et enrichissante dans le domaine de l\u2019application de la loi? Le Service de police de Saint John offre de nombreuses possibilit\u00e9s aux civils de se joindre \u00e0 son \u00e9quipe! Nous proposons divers r\u00f4les passionnants qui peuvent vous permettre de contribuer au mieux-\u00eatre dans la communaut\u00e9. <\/p>\n\n\n\n<p>Nos postes comprennent les agents des communications de la s\u00e9curit\u00e9 publique, le soutien administratif, la saisie de donn\u00e9es et la gestion financi\u00e8re, ainsi que de nombreux autres r\u00f4les qui peuvent aider notre force de police \u00e0 fonctionner de mani\u00e8re plus efficace. <\/p>\n\n\n\n<p>Nous offrons des salaires et des avantages comp\u00e9titifs, ainsi que la satisfaction de savoir que votre travail contribue \u00e0 assurer la s\u00e9curit\u00e9 de notre communaut\u00e9. Si vous cherchez \u00e0 contribuer au mieux-\u00eatre de la communaut\u00e9, le Service de police de Saint John est peut-\u00eatre fait pour vous.<\/p>\n\n\n\n<p>Pour conna\u00eetre les possibilit\u00e9s actuelles et postuler en ligne, veuillez consulter la page<\/p>\n\n\n\n<p><\/p>\n\n\n\n<div class=\"wp-block-buttons is-layout-flex wp-block-buttons-is-layout-flex\">\n<div class=\"wp-block-button\"><a class=\"wp-block-button__link has-white-color has-black-background-color has-text-color has-background has-link-color wp-element-button\" href=\"https:\/\/saintjohn.njoyn.com\/CL2\/xweb\/XWeb.asp?tbtoken=ZlBaRBJaQ1U4Z3N4TSAhY1dUAhAvBkxYdlZZTlEEDWJFLUQaX0VpcBMDdTdQGVtXSHNnWDpQ&amp;chk=ZVpaShI%3D&amp;page=joblisting&amp;lang=2\" style=\"border-radius:0px\" target=\"_blank\" rel=\"noopener\">Offres d&#8217;emploi &#8211; Njoyn.com<\/a><\/div>\n<\/div>\n\n\n\n<p><\/p>\n\n\n\n<p>Pour toute demande de renseignements g\u00e9n\u00e9raux, veuillez communiquer avec les Ressources humaines par courriel \u00e0 l\u2019adresse <a href=\"mailto:policerecruit@saintjohn.ca\">policerecruit@saintjohn.ca<\/a> ou par t\u00e9l\u00e9phone au <a href=\"tel:506-648-3200\" data-type=\"tel\" data-id=\"tel:506-648-3200\">506 648-3200<\/a><\/p>\n","protected":false},"excerpt":{"rendered":"<p>Cherchez-vous une carri\u00e8re passionnante et enrichissante dans le domaine de l\u2019application de la loi? Le Service de police de Saint John offre de nombreuses possibilit\u00e9s aux civils de se joindre \u00e0 son \u00e9quipe! Nous proposons divers r\u00f4les passionnants qui peuvent vous permettre de contribuer au mieux-\u00eatre dans la communaut\u00e9. Nos postes comprennent les agents des [&hellip;]<\/p>\n","protected":false},"author":2,"featured_media":0,"parent":3002,"menu_order":0,"comment_status":"closed","ping_status":"closed","template":"","meta":{"iawp_total_views":8,"footnotes":""},"class_list":["post-3006","page","type-page","status-publish","hentry"],"publishpress_future_action":{"enabled":false,"date":"2026-04-24 15:04:24","action":"change-status","newStatus":"draft","terms":[],"taxonomy":"translation_priority","extraData":[]},"publishpress_future_workflow_manual_trigger":{"enabledWorkflows":[]},"_links":{"self":[{"href":"https:\/\/sjpf.certtechweb.com\/fr\/wp-json\/wp\/v2\/pages\/3006","targetHints":{"allow":["GET"]}}],"collection":[{"href":"https:\/\/sjpf.certtechweb.com\/fr\/wp-json\/wp\/v2\/pages"}],"about":[{"href":"https:\/\/sjpf.certtechweb.com\/fr\/wp-json\/wp\/v2\/types\/page"}],"author":[{"embeddable":true,"href":"https:\/\/sjpf.certtechweb.com\/fr\/wp-json\/wp\/v2\/users\/2"}],"replies":[{"embeddable":true,"href":"https:\/\/sjpf.certtechweb.com\/fr\/wp-json\/wp\/v2\/comments?post=3006"}],"version-history":[{"count":7,"href":"https:\/\/sjpf.certtechweb.com\/fr\/wp-json\/wp\/v2\/pages\/3006\/revisions"}],"predecessor-version":[{"id":9253,"href":"https:\/\/sjpf.certtechweb.com\/fr\/wp-json\/wp\/v2\/pages\/3006\/revisions\/9253"}],"up":[{"embeddable":true,"href":"https:\/\/sjpf.certtechweb.com\/fr\/wp-json\/wp\/v2\/pages\/3002"}],"wp:attachment":[{"href":"https:\/\/sjpf.certtechweb.com\/fr\/wp-json\/wp\/v2\/media?parent=3006"}],"curies":[{"name":"wp","href":"https:\/\/api.w.org\/{rel}","templated":true}]}}