{"id":2977,"date":"2022-12-22T09:05:01","date_gmt":"2022-12-22T09:05:01","guid":{"rendered":"https:\/\/saintjohnpolice.ca\/documents-et-rapports-annuels\/"},"modified":"2023-02-13T13:17:31","modified_gmt":"2023-02-13T13:17:31","slug":"documents-et-rapports-annuels","status":"publish","type":"page","link":"https:\/\/sjpf.certtechweb.com\/fr\/about-us\/documents-et-rapports-annuels\/","title":{"rendered":"Documents et rapports annuels"},"content":{"rendered":"\n<figure class=\"wp-block-image size-large\"><img fetchpriority=\"high\" decoding=\"async\" width=\"1024\" height=\"683\" src=\"https:\/\/sjpf.certtechweb.com\/wp-content\/uploads\/2022\/12\/Patrol-Services-Page-1024x683.jpg\" alt=\"\" class=\"wp-image-25\" srcset=\"https:\/\/sjpf.certtechweb.com\/wp-content\/uploads\/2022\/12\/Patrol-Services-Page-1024x683.jpg 1024w, https:\/\/sjpf.certtechweb.com\/wp-content\/uploads\/2022\/12\/Patrol-Services-Page-300x200.jpg 300w, https:\/\/sjpf.certtechweb.com\/wp-content\/uploads\/2022\/12\/Patrol-Services-Page-768x512.jpg 768w, https:\/\/sjpf.certtechweb.com\/wp-content\/uploads\/2022\/12\/Patrol-Services-Page-1536x1024.jpg 1536w, https:\/\/sjpf.certtechweb.com\/wp-content\/uploads\/2022\/12\/Patrol-Services-Page-2048x1365.jpg 2048w\" sizes=\"(max-width: 1024px) 100vw, 1024px\" \/><\/figure>\n\n<p>Nos rapports annuels et notre plan strat\u00e9gique sont facilement accessibles et nous vous sommes toujours reconnaissants de vos commentaires. Nous y avons \u00e9galement inclus certaines politiques d\u2019int\u00e9r\u00eat public afin de promouvoir la transparence et les conversations continues sur la fa\u00e7on dont nous pouvons nous am\u00e9liorer. N\u2019h\u00e9sitez pas \u00e0 examiner ces rapports et ces politiques et \u00e0 nous faire part de vos commentaires, pr\u00e9occupations ou questions par courriel \u00e0 l\u2019adresse <a href=\"mailto:police@saintjohn.ca\">police@saintjohn.ca<\/a><\/p>\n\n<p class=\"has-small-font-size\">Ces documents sont offerts en anglais, mais ils peuvent l\u2019\u00eatre en fran\u00e7ais sur demande<\/p>\n","protected":false},"excerpt":{"rendered":"<p>Nos rapports annuels et notre plan strat\u00e9gique sont facilement accessibles et nous vous sommes toujours reconnaissants de vos commentaires. Nous y avons \u00e9galement inclus certaines politiques d\u2019int\u00e9r\u00eat public afin de promouvoir la transparence et les conversations continues sur la fa\u00e7on dont nous pouvons nous am\u00e9liorer. N\u2019h\u00e9sitez pas \u00e0 examiner ces rapports et ces politiques et [&hellip;]<\/p>\n","protected":false},"author":2,"featured_media":0,"parent":3098,"menu_order":0,"comment_status":"closed","ping_status":"closed","template":"","meta":{"iawp_total_views":3,"footnotes":""},"class_list":["post-2977","page","type-page","status-publish","hentry"],"publishpress_future_action":{"enabled":false,"date":"2026-04-24 15:03:21","action":"change-status","newStatus":"draft","terms":[],"taxonomy":"translation_priority","extraData":[]},"publishpress_future_workflow_manual_trigger":{"enabledWorkflows":[]},"_links":{"self":[{"href":"https:\/\/sjpf.certtechweb.com\/fr\/wp-json\/wp\/v2\/pages\/2977","targetHints":{"allow":["GET"]}}],"collection":[{"href":"https:\/\/sjpf.certtechweb.com\/fr\/wp-json\/wp\/v2\/pages"}],"about":[{"href":"https:\/\/sjpf.certtechweb.com\/fr\/wp-json\/wp\/v2\/types\/page"}],"author":[{"embeddable":true,"href":"https:\/\/sjpf.certtechweb.com\/fr\/wp-json\/wp\/v2\/users\/2"}],"replies":[{"embeddable":true,"href":"https:\/\/sjpf.certtechweb.com\/fr\/wp-json\/wp\/v2\/comments?post=2977"}],"version-history":[{"count":1,"href":"https:\/\/sjpf.certtechweb.com\/fr\/wp-json\/wp\/v2\/pages\/2977\/revisions"}],"predecessor-version":[{"id":2978,"href":"https:\/\/sjpf.certtechweb.com\/fr\/wp-json\/wp\/v2\/pages\/2977\/revisions\/2978"}],"up":[{"embeddable":true,"href":"https:\/\/sjpf.certtechweb.com\/fr\/wp-json\/wp\/v2\/pages\/3098"}],"wp:attachment":[{"href":"https:\/\/sjpf.certtechweb.com\/fr\/wp-json\/wp\/v2\/media?parent=2977"}],"curies":[{"name":"wp","href":"https:\/\/api.w.org\/{rel}","templated":true}]}}