{"id":2970,"date":"2022-12-22T09:05:01","date_gmt":"2022-12-22T09:05:01","guid":{"rendered":"https:\/\/saintjohnpolice.ca\/histoire\/"},"modified":"2023-02-13T13:03:34","modified_gmt":"2023-02-13T13:03:34","slug":"histoire","status":"publish","type":"page","link":"https:\/\/sjpf.certtechweb.com\/fr\/about-us\/histoire\/","title":{"rendered":"Histoire"},"content":{"rendered":"\n<figure class=\"wp-block-image size-large is-resized\"><img fetchpriority=\"high\" decoding=\"async\" src=\"https:\/\/sjpf.certtechweb.com\/wp-content\/uploads\/2022\/12\/Badge-1024x810.jpg\" alt=\"\" class=\"wp-image-8\" width=\"256\" height=\"203\" srcset=\"https:\/\/sjpf.certtechweb.com\/wp-content\/uploads\/2022\/12\/Badge-1024x810.jpg 1024w, https:\/\/sjpf.certtechweb.com\/wp-content\/uploads\/2022\/12\/Badge-300x237.jpg 300w, https:\/\/sjpf.certtechweb.com\/wp-content\/uploads\/2022\/12\/Badge-768x607.jpg 768w, https:\/\/sjpf.certtechweb.com\/wp-content\/uploads\/2022\/12\/Badge-1536x1214.jpg 1536w, https:\/\/sjpf.certtechweb.com\/wp-content\/uploads\/2022\/12\/Badge-2048x1619.jpg 2048w\" sizes=\"(max-width: 256px) 100vw, 256px\" \/><\/figure>\n\n<p>En tant que l\u2019un des plus anciens services de police du pays, le Service de police de Saint John a une longue et riche histoire dans la ville de Saint John, au Nouveau-Brunswick. La premi\u00e8re force polici\u00e8re de Saint John a \u00e9t\u00e9 \u00e9tablie en 1809 avec la nomination de Thomas L. Perley comme premier chef de police. \u00c0 l\u2019\u00e9poque, la force n\u2019\u00e9tait compos\u00e9e que de quatre hommes et avait des pouvoirs limit\u00e9s. <\/p>\n\n<p>Dans les premi\u00e8res ann\u00e9es, la force polici\u00e8re \u00e9tait principalement charg\u00e9e de faire respecter les lois et les ordonnances \u00e9tablies par le conseil municipal local. Au fil des ans, la force s\u2019est progressivement d\u00e9velopp\u00e9e, devenant finalement un service de police \u00e0 part enti\u00e8re en 1849. <\/p>\n\n<p>Aujourd\u2019hui, le Service de police de Saint John est compos\u00e9 de pr\u00e8s de 200 agents et employ\u00e9s civils. Il reste d\u00e9termin\u00e9 \u00e0 fournir des services de qualit\u00e9 \u00e0 la communaut\u00e9, tout en continuant \u00e0 adopter l\u2019innovation et les nouvelles technologies. Pour en savoir plus sur notre histoire, visitez le <a href=\"http:\/\/www.saintjohnpolicemuseum.ca\/\" target=\"_blank\" rel=\"noopener\">Mus\u00e9e du Service de police de Saint John Mus\u00e9e du Service de police de Saint John \u2013 Les gardiens de l\u2019histoire de la Force polici\u00e8re de Saint John.<\/a><\/p>\n","protected":false},"excerpt":{"rendered":"<p>En tant que l\u2019un des plus anciens services de police du pays, le Service de police de Saint John a une longue et riche histoire dans la ville de Saint John, au Nouveau-Brunswick. La premi\u00e8re force polici\u00e8re de Saint John a \u00e9t\u00e9 \u00e9tablie en 1809 avec la nomination de Thomas L. Perley comme premier chef [&hellip;]<\/p>\n","protected":false},"author":2,"featured_media":0,"parent":3098,"menu_order":0,"comment_status":"closed","ping_status":"closed","template":"","meta":{"iawp_total_views":3,"footnotes":""},"class_list":["post-2970","page","type-page","status-publish","hentry"],"publishpress_future_action":{"enabled":false,"date":"2026-04-24 15:04:01","action":"change-status","newStatus":"draft","terms":[],"taxonomy":"translation_priority","extraData":[]},"publishpress_future_workflow_manual_trigger":{"enabledWorkflows":[]},"_links":{"self":[{"href":"https:\/\/sjpf.certtechweb.com\/fr\/wp-json\/wp\/v2\/pages\/2970","targetHints":{"allow":["GET"]}}],"collection":[{"href":"https:\/\/sjpf.certtechweb.com\/fr\/wp-json\/wp\/v2\/pages"}],"about":[{"href":"https:\/\/sjpf.certtechweb.com\/fr\/wp-json\/wp\/v2\/types\/page"}],"author":[{"embeddable":true,"href":"https:\/\/sjpf.certtechweb.com\/fr\/wp-json\/wp\/v2\/users\/2"}],"replies":[{"embeddable":true,"href":"https:\/\/sjpf.certtechweb.com\/fr\/wp-json\/wp\/v2\/comments?post=2970"}],"version-history":[{"count":1,"href":"https:\/\/sjpf.certtechweb.com\/fr\/wp-json\/wp\/v2\/pages\/2970\/revisions"}],"predecessor-version":[{"id":2971,"href":"https:\/\/sjpf.certtechweb.com\/fr\/wp-json\/wp\/v2\/pages\/2970\/revisions\/2971"}],"up":[{"embeddable":true,"href":"https:\/\/sjpf.certtechweb.com\/fr\/wp-json\/wp\/v2\/pages\/3098"}],"wp:attachment":[{"href":"https:\/\/sjpf.certtechweb.com\/fr\/wp-json\/wp\/v2\/media?parent=2970"}],"curies":[{"name":"wp","href":"https:\/\/api.w.org\/{rel}","templated":true}]}}