{"id":2959,"date":"2022-12-22T09:06:11","date_gmt":"2022-12-22T09:06:11","guid":{"rendered":"https:\/\/saintjohnpolice.ca\/demandes-de-renseignements-generaux-administration\/"},"modified":"2023-02-13T11:03:20","modified_gmt":"2023-02-13T11:03:20","slug":"demandes-de-renseignements-generaux-administration","status":"publish","type":"page","link":"https:\/\/sjpf.certtechweb.com\/fr\/contact\/call-us\/demandes-de-renseignements-generaux-administration\/","title":{"rendered":"Demandes de renseignements g\u00e9n\u00e9raux\/Administration"},"content":{"rendered":"\n<p>Pour les demandes de renseignements g\u00e9n\u00e9raux ou les services administratifs, veuillez composer le <strong><a href=\"tel:506-648-3200\" target=\"_blank\" rel=\"noreferrer noopener\">506 648-3200<\/a><\/strong> <\/p>\n\n<p><strong>(du lundi au vendredi, de 8 h \u00e0 16 h 30.)<\/strong><\/p>\n","protected":false},"excerpt":{"rendered":"<p>Pour les demandes de renseignements g\u00e9n\u00e9raux ou les services administratifs, veuillez composer le 506 648-3200 (du lundi au vendredi, de 8 h \u00e0 16 h 30.)<\/p>\n","protected":false},"author":2,"featured_media":0,"parent":3405,"menu_order":0,"comment_status":"closed","ping_status":"closed","template":"","meta":{"iawp_total_views":0,"footnotes":""},"class_list":["post-2959","page","type-page","status-publish","hentry"],"publishpress_future_action":{"enabled":false,"date":"2026-04-24 16:29:39","action":"change-status","newStatus":"draft","terms":[],"taxonomy":"translation_priority","extraData":[]},"publishpress_future_workflow_manual_trigger":{"enabledWorkflows":[]},"_links":{"self":[{"href":"https:\/\/sjpf.certtechweb.com\/fr\/wp-json\/wp\/v2\/pages\/2959","targetHints":{"allow":["GET"]}}],"collection":[{"href":"https:\/\/sjpf.certtechweb.com\/fr\/wp-json\/wp\/v2\/pages"}],"about":[{"href":"https:\/\/sjpf.certtechweb.com\/fr\/wp-json\/wp\/v2\/types\/page"}],"author":[{"embeddable":true,"href":"https:\/\/sjpf.certtechweb.com\/fr\/wp-json\/wp\/v2\/users\/2"}],"replies":[{"embeddable":true,"href":"https:\/\/sjpf.certtechweb.com\/fr\/wp-json\/wp\/v2\/comments?post=2959"}],"version-history":[{"count":1,"href":"https:\/\/sjpf.certtechweb.com\/fr\/wp-json\/wp\/v2\/pages\/2959\/revisions"}],"predecessor-version":[{"id":2960,"href":"https:\/\/sjpf.certtechweb.com\/fr\/wp-json\/wp\/v2\/pages\/2959\/revisions\/2960"}],"up":[{"embeddable":true,"href":"https:\/\/sjpf.certtechweb.com\/fr\/wp-json\/wp\/v2\/pages\/3405"}],"wp:attachment":[{"href":"https:\/\/sjpf.certtechweb.com\/fr\/wp-json\/wp\/v2\/media?parent=2959"}],"curies":[{"name":"wp","href":"https:\/\/api.w.org\/{rel}","templated":true}]}}