{"id":2955,"date":"2022-12-22T08:50:00","date_gmt":"2022-12-22T12:50:00","guid":{"rendered":"https:\/\/saintjohnpolice.ca\/file-a-report\/"},"modified":"2025-07-06T11:07:31","modified_gmt":"2025-07-06T14:07:31","slug":"file-a-report","status":"publish","type":"page","link":"https:\/\/sjpf.certtechweb.com\/fr\/comment-faire\/file-a-report\/","title":{"rendered":"D\u00e9poser un rapport"},"content":{"rendered":"\n<figure class=\"wp-block-image size-full\"><img fetchpriority=\"high\" decoding=\"async\" width=\"509\" height=\"573\" src=\"https:\/\/sjpf.certtechweb.com\/wp-content\/uploads\/2023\/02\/Who-do-I-call-Graphic-FR.png\" alt=\"\" class=\"wp-image-3730\" srcset=\"https:\/\/sjpf.certtechweb.com\/wp-content\/uploads\/2023\/02\/Who-do-I-call-Graphic-FR.png 509w, https:\/\/sjpf.certtechweb.com\/wp-content\/uploads\/2023\/02\/Who-do-I-call-Graphic-FR-266x300.png 266w\" sizes=\"(max-width: 509px) 100vw, 509px\" \/><\/figure>\n\n\n\n<p><strong>Urgence 911<\/strong> <strong><br><\/strong> Pour signaler une urgence ou un crime en cours, veuillez composer le 911.<\/p>\n\n\n\n<p><strong>Signalement en ligne des crimes (SELC)<\/strong><strong><br><\/strong>Les citoyens peuvent d\u00e9poser un rapport en ligne pour les incidents qui ne constituent pas une urgence et qui ne sont pas en cours comme les vols, les dommages mat\u00e9riels, les biens perdus ou manquants, les plaintes \u00e0 la conduite automobile et la communication de renseignements. Ce service est offert en tout temps et il n\u2019est pas n\u00e9cessaire de se rendre sur place, d\u2019appeler ou d\u2019attendre la police. Un agent de police examinera votre rapport et on communiquera avec vous au besoin. Vous recevrez un num\u00e9ro de r\u00e9f\u00e9rence qui pourra \u00eatre utilis\u00e9 \u00e0 des fins d\u2019assurance. Vous pouvez faire un rapport en ligne si :<\/p>\n\n\n\n<ol class=\"wp-block-list\">\n<li>la valeur du bien est inf\u00e9rieure \u00e0 5 000 $;<\/li>\n\n\n\n<li>aucun suspect n\u2019est connu;<\/li>\n\n\n\n<li>l\u2019incident s\u2019est produit \u00e0 Saint John. <\/li>\n<\/ol>\n\n\n\n<p>Pour d\u00e9poser un rapport en ligne, veuillez acc\u00e9der au site<\/p>\n\n\n\n<p><\/p>\n\n\n\n<div class=\"wp-block-buttons is-layout-flex wp-block-buttons-is-layout-flex\">\n<div class=\"wp-block-button\"><a class=\"wp-block-button__link has-white-color has-black-background-color has-text-color has-background has-link-color wp-element-button\" href=\"https:\/\/www.coplogic.ca\/dors\/startreport\/300000453\/fr\" style=\"border-radius:0px\" target=\"_blank\" rel=\"noopener\">Signalement En Ligne Des Crimes<\/a><\/div>\n<\/div>\n\n\n\n<p><\/p>\n\n\n\n<p><strong>Ligne pour cas non urgents<\/strong><br>Pour les cas non urgents, les citoyens peuvent d\u00e9poser un rapport en communiquant avec le service de police au <a href=\"tel:506-648-3333\" target=\"_blank\" rel=\"noreferrer noopener\">506 648-3333<\/a>. Un agent peut \u00eatre d\u00e9p\u00each\u00e9 pour prendre le rapport en personne ou communiquer avec vous par t\u00e9l\u00e9phone. <\/p>\n\n\n\n<p><strong>Rendez-nous visite<br><\/strong> Les citoyens peuvent \u00e9galement se rendre \u00e0 notre si\u00e8ge social au <strong>1 Peel Plaza, Saint John, N.-B<\/strong>. pour d\u00e9poser un rapport en personne.<\/p>\n","protected":false},"excerpt":{"rendered":"<p>Urgence 911 Pour signaler une urgence ou un crime en cours, veuillez composer le 911. Signalement en ligne des crimes (SELC)Les citoyens peuvent d\u00e9poser un rapport en ligne pour les incidents qui ne constituent pas une urgence et qui ne sont pas en cours comme les vols, les dommages mat\u00e9riels, les biens perdus ou manquants, [&hellip;]<\/p>\n","protected":false},"author":2,"featured_media":0,"parent":3240,"menu_order":0,"comment_status":"closed","ping_status":"closed","template":"","meta":{"iawp_total_views":12,"footnotes":""},"class_list":["post-2955","page","type-page","status-publish","hentry"],"publishpress_future_action":{"enabled":false,"date":"2026-04-24 15:20:22","action":"change-status","newStatus":"draft","terms":[],"taxonomy":"translation_priority","extraData":[]},"publishpress_future_workflow_manual_trigger":{"enabledWorkflows":[]},"_links":{"self":[{"href":"https:\/\/sjpf.certtechweb.com\/fr\/wp-json\/wp\/v2\/pages\/2955","targetHints":{"allow":["GET"]}}],"collection":[{"href":"https:\/\/sjpf.certtechweb.com\/fr\/wp-json\/wp\/v2\/pages"}],"about":[{"href":"https:\/\/sjpf.certtechweb.com\/fr\/wp-json\/wp\/v2\/types\/page"}],"author":[{"embeddable":true,"href":"https:\/\/sjpf.certtechweb.com\/fr\/wp-json\/wp\/v2\/users\/2"}],"replies":[{"embeddable":true,"href":"https:\/\/sjpf.certtechweb.com\/fr\/wp-json\/wp\/v2\/comments?post=2955"}],"version-history":[{"count":8,"href":"https:\/\/sjpf.certtechweb.com\/fr\/wp-json\/wp\/v2\/pages\/2955\/revisions"}],"predecessor-version":[{"id":9245,"href":"https:\/\/sjpf.certtechweb.com\/fr\/wp-json\/wp\/v2\/pages\/2955\/revisions\/9245"}],"up":[{"embeddable":true,"href":"https:\/\/sjpf.certtechweb.com\/fr\/wp-json\/wp\/v2\/pages\/3240"}],"wp:attachment":[{"href":"https:\/\/sjpf.certtechweb.com\/fr\/wp-json\/wp\/v2\/media?parent=2955"}],"curies":[{"name":"wp","href":"https:\/\/api.w.org\/{rel}","templated":true}]}}